{"id":5154,"date":"2023-09-15T14:04:00","date_gmt":"2023-09-15T13:04:00","guid":{"rendered":"https:\/\/coltique.pt\/?post_type=product&#038;p=5154"},"modified":"2024-05-02T12:48:53","modified_gmt":"2024-05-02T11:48:53","slug":"beige-waterproof-mattress-protector-in-tencel-jersey-knit","status":"publish","type":"product","link":"https:\/\/coltique.pt\/fr\/product\/beige-waterproof-mattress-protector-in-tencel-jersey-knit\/","title":{"rendered":"<p>Housse de matelas imperm\u00e9able en tissu TENCEL\u2122 beige<\/p>"},"content":{"rendered":"<figure class=\"mt-md-1 mb-6 p-relative ml-md-4 pl-md-2 w-md-50 float-md-right\" style=\"z-index: 1;\">\n<p class=\"mb-0\"><img fetchpriority=\"high\" decoding=\"async\" class=\"br-3 w-100\" src=\"\/wp-content\/uploads\/2022\/10\/003-Adulto-Thumbnail.jpg\" alt=\"Product Video\" width=\"610\" height=\"300\" data-lazy=\"\/wp-content\/uploads\/2022\/10\/003-Adulto-Thumbnail.jpg\"><\/p>\n<div class=\"overlay overlay-transparent\" style=\"opacity: 1; padding-top: 0;\">\n<div class=\"content video-popup\" style=\"margin: auto;\"><a class=\"btn btn-solid product-gallery-btn open-product-video-viewer\" style=\"display: flex; align-items: center; justify-content: center; padding: 0; font-size: 22px; width: 60px; height: 60px; border-radius: 50%; box-shadow: 0 5px 10px rgba(0,0,0,.2);\"><br>\n<i class=\"fa-play fas\"><\/i><br>\n<\/a><\/div>\n<\/div>\n<p>Un prot\u00e8ge-matelas est essentiel dans votre vie quotidienne. Il contribue \u00e0 la pr\u00e9vention des maladies et constitue un alli\u00e9 de poids pour la bonne sant\u00e9 de votre peau. Il rend \u00e9galement votre matelas plus durable, plus hygi\u00e9nique et plus facile \u00e0 nettoyer.<\/p><p>Notre prot\u00e8ge-matelas imperm\u00e9able et respirant en jersey TENCEL\u2122 est r\u00e9glable avec des rabats lat\u00e9raux 100 % coton.<\/p><p>Il est hypoallerg\u00e9nique, avec une grande capacit\u00e9 d\u2019absorption. La fibre TENCEL\u2122 est une fibre naturelle issue du bois qui agit de fa\u00e7on pr\u00e9ventive en emp\u00eachant la prolif\u00e9ration des bact\u00e9ries et des acariens (principales causes d\u2019asthme et de rhinite, entre autres). Elle est \u00e9galement extr\u00eamement douce et d\u00e9licate au toucher, adapt\u00e9e aux peaux les plus sensibles.<\/p><p>L\u2019association \u00e0 une membrane 100 % polyur\u00e9thane garantit l\u2019imperm\u00e9abilit\u00e9, la respirabilit\u00e9 et l\u2019absence de bruits g\u00eanants lorsque l\u2019on bouge, pour un sommeil reposant et r\u00e9parateur. Vous ressentirez une agr\u00e9able sensation de plaisir et de bien-\u00eatre.<\/p><p>Un confort naturel dans un produit confortable, doux et respectueux de l\u2019environnement.<\/p><p>&nbsp;<\/p><table class=\"tabela-caracteristicas\" style=\"width: 100%;\">\n<tbody>\n<tr>\n<td><img decoding=\"async\" src=\"\/wp-content\/uploads\/2022\/11\/2c-Waterproof.png\"><\/td>\n<td><img decoding=\"async\" src=\"\/wp-content\/uploads\/2022\/11\/2c-Breathable.png\"><\/td>\n<td><img decoding=\"async\" src=\"\/wp-content\/uploads\/2022\/10\/Natural-Fiber-1.png\"><\/td>\n<td><img decoding=\"async\" src=\"\/wp-content\/uploads\/2022\/11\/2c-Softness.png\"><\/td>\n<td><img decoding=\"async\" src=\"\/wp-content\/uploads\/2022\/10\/High-durability-1.png\"><\/td>\n<td><img decoding=\"async\" src=\"\/wp-content\/uploads\/2022\/10\/Hypoallergenic-1.png\"><\/td>\n<td><\/td>\n<\/tr>\n<tr>\n<td>Imperm\u00e9able<\/td>\n<td>Respirant<\/td>\n<td>\u00c9cologique<\/td>\n<td>Doux<\/td>\n<td>R\u00e9sistant<\/td>\n<td>Hypoallerg\u00e9nique<\/td>\n<td><\/td>\n<\/tr>\n<\/tbody>\n<\/table><p>&nbsp;<\/p><p><b>Composition<\/b><\/p><ul>\n<li>Protector composed of a top layer of 100% TENCEL? Jersey Knit, 110g\/m2&plusmn; 5%, combined with a waterproof and breathable 100% Polyurethane membrane.<\/li>\n<li>Il est r\u00e9glable avec un rabat lat\u00e9ral en jersey 100 % coton et adaptable \u00e0 tous les types de matelas, en tenant compte des sp\u00e9cifications suivantes:<br>\n50&times;83 &ndash; mattresses with up to 15cm of height<br>\n60&times;120 and 70&times;140 &ndash; mattresses with up to 18cm of height<br>\nOther sizes &ndash; mattresses with up to 27cm of height<\/li>\n<li>Total weight: 140g\/m2 &plusmn; 5%<\/li>\n<li>The knits and fabircs are certified with OEKO-TEX&reg; Standard 100 Class 1.<\/li>\n<\/ul><p>&nbsp;<\/p><p><strong>TENCEL?<\/strong><\/p><p>Cette housse utilise des fibres TENCEL\u2122, une fibre naturelle issue de la cellulose du bois et r\u00e9put\u00e9e pour son confort naturel et sa durabilit\u00e9. Elles sont naturellement douces pour la peau, apportant l\u2019agr\u00e9able essence de la nature \u00e0 l\u2019int\u00e9rieur de la maison.<\/p><p>These fibers have unique physical properties, such as their high strength, great ability to absorb moisture, excellent breathability, softness, lightness and durability. With a silky feel and natural shine, bedding made from TENCEL? improves the quality of your sleep, ensuring natural comfort for the most sensitive skin. The smooth surface of the fiber absorbs moisture more efficiently, promoting the body&rsquo;s natural heat-regulating properties, so you feel pleasantly cool and dry.<\/p><p>L\u2019association \u00e0 la membrane 100 % polyur\u00e9thane, appliqu\u00e9e sur la partie inf\u00e9rieure de la housse, permet la respirabilit\u00e9, mais pas le passage de liquides, et ne provoque pas de bruits g\u00eanants lorsque l\u2019on bouge, ce qui favorise un plus grand confort pendant le sommeil.<\/p><p>Les fibres TENCEL\u2122 sont extraites de bois cultiv\u00e9 de mani\u00e8re durable \u00e0 l\u2019aide d\u2019un syst\u00e8me exclusif en circuit ferm\u00e9 qui r\u00e9cup\u00e8re et r\u00e9utilise les solvants utilis\u00e9s, minimisant ainsi l\u2019impact de la production sur l\u2019environnement. Notre grande pr\u00e9occupation pour l\u2019environnement nous incite \u00e0 rechercher des fibres respectueuses de l\u2019environnement qui contribuent \u00e0 r\u00e9duire les \u00e9missions de CO2 dans l\u2019atmosph\u00e8re<\/p><p>Notre grande pr\u00e9occupation pour l\u2019environnement nous incite \u00e0 rechercher des fibres respectueuses de l\u2019environnement qui contribuent \u00e0 r\u00e9duire les \u00e9missions de CO2 dans l\u2019atmosph\u00e8re.<\/p><p>&nbsp;<\/p><p><strong>Caract\u00e9ristiques<\/strong><\/p><ul>\n<li>Fibre naturelle et durable.<\/li>\n<li>Doux pour la peau, convient aux peaux sensibles.<\/li>\n<li>Hypoallerg\u00e9nique.<\/li>\n<li>Absorbe 50 % de transpiration en plus que le coton normal.<\/li>\n<li>R\u00e9sistance \u00e9lev\u00e9e.<\/li>\n<li>Capacit\u00e9 d\u2019absorption \u00e9lev\u00e9e. Absorbe et \u00e9vacue l\u2019humidit\u00e9 vers l\u2019ext\u00e9rieur, en \u00e9vitant la croissance et la prolif\u00e9ration des bact\u00e9ries.<\/li>\n<li>Imperm\u00e9able et respirant, offrant un plus grand confort pendant le sommeil.<\/li>\n<\/ul><p><a class=\"button\" href=\"https:\/\/coltique.pt\/fr\/instructions-care\/\" name=\"washing-and-care\">Voir instructions et entretien<\/a><\/p><\/figure>","protected":false},"excerpt":{"rendered":"<p><strong>Caract\u00e9ristiques<\/strong><ul>\n<li style=\"list-style-type: none;\">\n<ul>\n<li>Imperm\u00e9able<\/li>\n<li>Respirant<\/li>\n<li>\u00c9cologique<\/li>\n<li>Doux<\/li>\n<li>R\u00e9sistant<\/li>\n<li>Hypoallerg\u00e9nique<\/li>\n<\/ul>\n<p><strong>For it?s softness it can be used as a sheet and not just a mattress protector.<\/strong><\/p><\/li>\n<\/ul><\/p>","protected":false},"featured_media":7076,"comment_status":"open","ping_status":"closed","template":"","meta":[],"product_cat":[230,173],"product_tag":[],"genre":[233,170,169],"yoast_head":"<!-- This site is optimized with the Yoast SEO plugin v22.3 - https:\/\/yoast.com\/wordpress\/plugins\/seo\/ -->\n<title>Beige waterproof mattress protector in Tencel\u2122 jersey knit - Coltique<\/title>\n<meta name=\"robots\" content=\"index, follow, max-snippet:-1, max-image-preview:large, max-video-preview:-1\" \/>\n<link rel=\"canonical\" href=\"https:\/\/coltique.pt\/fr\/product\/beige-waterproof-mattress-protector-in-tencel-jersey-knit\/\" \/>\n<meta property=\"og:locale\" content=\"fr_FR\" \/>\n<meta property=\"og:type\" content=\"article\" \/>\n<meta property=\"og:title\" content=\"Beige waterproof mattress protector in Tencel\u2122 jersey knit - Coltique\" \/>\n<meta property=\"og:description\" content=\"Characteristics      Waterproof  Breathable  Ecological  Softness  Resistance  Hypoallergenic  For it\u2019s softness it can be used as a sheet and not just a mattress protector.\" \/>\n<meta property=\"og:url\" content=\"https:\/\/coltique.pt\/fr\/product\/beige-waterproof-mattress-protector-in-tencel-jersey-knit\/\" \/>\n<meta property=\"og:site_name\" content=\"Coltique\" \/>\n<meta property=\"article:publisher\" content=\"https:\/\/facebook.com\/coltique.pt\" \/>\n<meta property=\"article:modified_time\" content=\"2024-05-02T11:48:53+00:00\" \/>\n<meta property=\"og:image\" content=\"https:\/\/coltique.pt\/wp-content\/uploads\/2023\/09\/canto-5.jpg\" \/>\n\t<meta property=\"og:image:width\" content=\"1200\" \/>\n\t<meta property=\"og:image:height\" content=\"1200\" \/>\n\t<meta property=\"og:image:type\" content=\"image\/jpeg\" \/>\n<meta name=\"twitter:card\" content=\"summary_large_image\" \/>\n<meta name=\"twitter:label1\" content=\"Est. reading time\" \/>\n\t<meta name=\"twitter:data1\" content=\"4 minutes\" \/>\n<script type=\"application\/ld+json\" class=\"yoast-schema-graph\">{\"@context\":\"https:\/\/schema.org\",\"@graph\":[{\"@type\":\"WebPage\",\"@id\":\"https:\/\/coltique.pt\/product\/beige-waterproof-mattress-protector-in-tencel-jersey-knit\/\",\"url\":\"https:\/\/coltique.pt\/product\/beige-waterproof-mattress-protector-in-tencel-jersey-knit\/\",\"name\":\"Beige waterproof mattress protector in Tencel\u2122 jersey knit - Coltique\",\"isPartOf\":{\"@id\":\"https:\/\/coltique.pt\/#website\"},\"primaryImageOfPage\":{\"@id\":\"https:\/\/coltique.pt\/product\/beige-waterproof-mattress-protector-in-tencel-jersey-knit\/#primaryimage\"},\"image\":{\"@id\":\"https:\/\/coltique.pt\/product\/beige-waterproof-mattress-protector-in-tencel-jersey-knit\/#primaryimage\"},\"thumbnailUrl\":\"https:\/\/coltique.pt\/wp-content\/uploads\/2023\/09\/canto-5.jpg\",\"datePublished\":\"2023-09-15T13:04:00+00:00\",\"dateModified\":\"2024-05-02T11:48:53+00:00\",\"breadcrumb\":{\"@id\":\"https:\/\/coltique.pt\/product\/beige-waterproof-mattress-protector-in-tencel-jersey-knit\/#breadcrumb\"},\"inLanguage\":\"fr-FR\",\"potentialAction\":[{\"@type\":\"ReadAction\",\"target\":[\"https:\/\/coltique.pt\/product\/beige-waterproof-mattress-protector-in-tencel-jersey-knit\/\"]}]},{\"@type\":\"ImageObject\",\"inLanguage\":\"fr-FR\",\"@id\":\"https:\/\/coltique.pt\/product\/beige-waterproof-mattress-protector-in-tencel-jersey-knit\/#primaryimage\",\"url\":\"https:\/\/coltique.pt\/wp-content\/uploads\/2023\/09\/canto-5.jpg\",\"contentUrl\":\"https:\/\/coltique.pt\/wp-content\/uploads\/2023\/09\/canto-5.jpg\",\"width\":1200,\"height\":1200},{\"@type\":\"BreadcrumbList\",\"@id\":\"https:\/\/coltique.pt\/product\/beige-waterproof-mattress-protector-in-tencel-jersey-knit\/#breadcrumb\",\"itemListElement\":[{\"@type\":\"ListItem\",\"position\":1,\"name\":\"Home\",\"item\":\"https:\/\/coltique.pt\/\"},{\"@type\":\"ListItem\",\"position\":2,\"name\":\"Shop\",\"item\":\"https:\/\/coltique.pt\/shop\/\"},{\"@type\":\"ListItem\",\"position\":3,\"name\":\"Beige waterproof mattress protector in Tencel\u2122 jersey knit\"}]},{\"@type\":\"WebSite\",\"@id\":\"https:\/\/coltique.pt\/#website\",\"url\":\"https:\/\/coltique.pt\/\",\"name\":\"Coltique\",\"description\":\"Your new favorite marketplace\",\"publisher\":{\"@id\":\"https:\/\/coltique.pt\/#organization\"},\"potentialAction\":[{\"@type\":\"SearchAction\",\"target\":{\"@type\":\"EntryPoint\",\"urlTemplate\":\"https:\/\/coltique.pt\/?s={search_term_string}\"},\"query-input\":\"required name=search_term_string\"}],\"inLanguage\":\"fr-FR\"},{\"@type\":\"Organization\",\"@id\":\"https:\/\/coltique.pt\/#organization\",\"name\":\"Coltique\",\"url\":\"https:\/\/coltique.pt\/\",\"logo\":{\"@type\":\"ImageObject\",\"inLanguage\":\"fr-FR\",\"@id\":\"https:\/\/coltique.pt\/#\/schema\/logo\/image\/\",\"url\":\"https:\/\/coltique.pt\/wp-content\/uploads\/2022\/10\/Logo_RGB_Preto.png\",\"contentUrl\":\"https:\/\/coltique.pt\/wp-content\/uploads\/2022\/10\/Logo_RGB_Preto.png\",\"width\":555,\"height\":114,\"caption\":\"Coltique\"},\"image\":{\"@id\":\"https:\/\/coltique.pt\/#\/schema\/logo\/image\/\"},\"sameAs\":[\"https:\/\/facebook.com\/coltique.pt\",\"https:\/\/instagram.com\/coltique.pt\",\"https:\/\/www.tiktok.com\/@coltique.pt\"]}]}<\/script>\n<!-- \/ Yoast SEO plugin. -->","yoast_head_json":{"title":"Beige waterproof mattress protector in Tencel\u2122 jersey knit - Coltique","robots":{"index":"index","follow":"follow","max-snippet":"max-snippet:-1","max-image-preview":"max-image-preview:large","max-video-preview":"max-video-preview:-1"},"canonical":"https:\/\/coltique.pt\/fr\/product\/beige-waterproof-mattress-protector-in-tencel-jersey-knit\/","og_locale":"fr_FR","og_type":"article","og_title":"Beige waterproof mattress protector in Tencel\u2122 jersey knit - Coltique","og_description":"Characteristics      Waterproof  Breathable  Ecological  Softness  Resistance  Hypoallergenic  For it\u2019s softness it can be used as a sheet and not just a mattress protector.","og_url":"https:\/\/coltique.pt\/fr\/product\/beige-waterproof-mattress-protector-in-tencel-jersey-knit\/","og_site_name":"Coltique","article_publisher":"https:\/\/facebook.com\/coltique.pt","article_modified_time":"2024-05-02T11:48:53+00:00","og_image":[{"width":1200,"height":1200,"url":"https:\/\/coltique.pt\/wp-content\/uploads\/2023\/09\/canto-5.jpg","type":"image\/jpeg"}],"twitter_card":"summary_large_image","twitter_misc":{"Est. reading time":"4 minutes"},"schema":{"@context":"https:\/\/schema.org","@graph":[{"@type":"WebPage","@id":"https:\/\/coltique.pt\/product\/beige-waterproof-mattress-protector-in-tencel-jersey-knit\/","url":"https:\/\/coltique.pt\/product\/beige-waterproof-mattress-protector-in-tencel-jersey-knit\/","name":"Beige waterproof mattress protector in Tencel\u2122 jersey knit - Coltique","isPartOf":{"@id":"https:\/\/coltique.pt\/#website"},"primaryImageOfPage":{"@id":"https:\/\/coltique.pt\/product\/beige-waterproof-mattress-protector-in-tencel-jersey-knit\/#primaryimage"},"image":{"@id":"https:\/\/coltique.pt\/product\/beige-waterproof-mattress-protector-in-tencel-jersey-knit\/#primaryimage"},"thumbnailUrl":"https:\/\/coltique.pt\/wp-content\/uploads\/2023\/09\/canto-5.jpg","datePublished":"2023-09-15T13:04:00+00:00","dateModified":"2024-05-02T11:48:53+00:00","breadcrumb":{"@id":"https:\/\/coltique.pt\/product\/beige-waterproof-mattress-protector-in-tencel-jersey-knit\/#breadcrumb"},"inLanguage":"fr-FR","potentialAction":[{"@type":"ReadAction","target":["https:\/\/coltique.pt\/product\/beige-waterproof-mattress-protector-in-tencel-jersey-knit\/"]}]},{"@type":"ImageObject","inLanguage":"fr-FR","@id":"https:\/\/coltique.pt\/product\/beige-waterproof-mattress-protector-in-tencel-jersey-knit\/#primaryimage","url":"https:\/\/coltique.pt\/wp-content\/uploads\/2023\/09\/canto-5.jpg","contentUrl":"https:\/\/coltique.pt\/wp-content\/uploads\/2023\/09\/canto-5.jpg","width":1200,"height":1200},{"@type":"BreadcrumbList","@id":"https:\/\/coltique.pt\/product\/beige-waterproof-mattress-protector-in-tencel-jersey-knit\/#breadcrumb","itemListElement":[{"@type":"ListItem","position":1,"name":"Home","item":"https:\/\/coltique.pt\/"},{"@type":"ListItem","position":2,"name":"Shop","item":"https:\/\/coltique.pt\/shop\/"},{"@type":"ListItem","position":3,"name":"Beige waterproof mattress protector in Tencel\u2122 jersey knit"}]},{"@type":"WebSite","@id":"https:\/\/coltique.pt\/#website","url":"https:\/\/coltique.pt\/","name":"Coltique","description":"Your new favorite marketplace","publisher":{"@id":"https:\/\/coltique.pt\/#organization"},"potentialAction":[{"@type":"SearchAction","target":{"@type":"EntryPoint","urlTemplate":"https:\/\/coltique.pt\/?s={search_term_string}"},"query-input":"required name=search_term_string"}],"inLanguage":"fr-FR"},{"@type":"Organization","@id":"https:\/\/coltique.pt\/#organization","name":"Coltique","url":"https:\/\/coltique.pt\/","logo":{"@type":"ImageObject","inLanguage":"fr-FR","@id":"https:\/\/coltique.pt\/#\/schema\/logo\/image\/","url":"https:\/\/coltique.pt\/wp-content\/uploads\/2022\/10\/Logo_RGB_Preto.png","contentUrl":"https:\/\/coltique.pt\/wp-content\/uploads\/2022\/10\/Logo_RGB_Preto.png","width":555,"height":114,"caption":"Coltique"},"image":{"@id":"https:\/\/coltique.pt\/#\/schema\/logo\/image\/"},"sameAs":["https:\/\/facebook.com\/coltique.pt","https:\/\/instagram.com\/coltique.pt","https:\/\/www.tiktok.com\/@coltique.pt"]}]}},"_links":{"self":[{"href":"https:\/\/coltique.pt\/fr\/wp-json\/wp\/v2\/product\/5154"}],"collection":[{"href":"https:\/\/coltique.pt\/fr\/wp-json\/wp\/v2\/product"}],"about":[{"href":"https:\/\/coltique.pt\/fr\/wp-json\/wp\/v2\/types\/product"}],"replies":[{"embeddable":true,"href":"https:\/\/coltique.pt\/fr\/wp-json\/wp\/v2\/comments?post=5154"}],"wp:featuredmedia":[{"embeddable":true,"href":"https:\/\/coltique.pt\/fr\/wp-json\/wp\/v2\/media\/7076"}],"wp:attachment":[{"href":"https:\/\/coltique.pt\/fr\/wp-json\/wp\/v2\/media?parent=5154"}],"wp:term":[{"taxonomy":"product_cat","embeddable":true,"href":"https:\/\/coltique.pt\/fr\/wp-json\/wp\/v2\/product_cat?post=5154"},{"taxonomy":"product_tag","embeddable":true,"href":"https:\/\/coltique.pt\/fr\/wp-json\/wp\/v2\/product_tag?post=5154"},{"taxonomy":"product_brand","embeddable":true,"href":"https:\/\/coltique.pt\/fr\/wp-json\/wp\/v2\/genre?post=5154"}],"curies":[{"name":"wp","href":"https:\/\/api.w.org\/{rel}","templated":true}]}}