{"id":5444,"date":"2023-11-20T18:02:57","date_gmt":"2023-11-20T18:02:57","guid":{"rendered":"https:\/\/coltique.pt\/?post_type=product&#038;p=5444"},"modified":"2024-03-26T15:16:49","modified_gmt":"2024-03-26T15:16:49","slug":"geometrik-yellow-pillow-case","status":"publish","type":"product","link":"https:\/\/coltique.pt\/fr\/product\/geometrik-yellow-housse-de-coussin\/","title":{"rendered":"<p>Geometrik Yellow Housse de Coussin<\/p>"},"content":{"rendered":"<figure class=\"mt-md-1 mb-6 p-relative ml-md-4 pl-md-2 w-md-50 float-md-right\" style=\"z-index: 1;\"><p>Housse de Coussin d\u00e9corative pour ajouter une touche d'\u00e9l\u00e9gance \u00e0 votre int\u00e9rieur.<\/p><p><a class=\"button\" href=\"https:\/\/coltique.pt\/fr\/instructions-care\/\" name=\"washing-and-care\">Voir instructions et entretien<\/a><\/p><\/figure>","protected":false},"excerpt":{"rendered":"<p>44% Polyacrylonitrile<br>\n32% Polyester<br>\n24% Coton<\/p>","protected":false},"featured_media":5456,"comment_status":"open","ping_status":"closed","template":"","meta":[],"product_cat":[217,226],"product_tag":[],"genre":[233,170],"yoast_head":"<!-- This site is optimized with the Yoast SEO plugin v22.3 - https:\/\/yoast.com\/wordpress\/plugins\/seo\/ -->\n<title>Geometrik Yellow Pillow Case - Coltique<\/title>\n<meta name=\"robots\" content=\"index, follow, max-snippet:-1, max-image-preview:large, max-video-preview:-1\" \/>\n<link rel=\"canonical\" href=\"https:\/\/coltique.pt\/fr\/product\/geometrik-yellow-housse-de-coussin\/\" \/>\n<meta property=\"og:locale\" content=\"fr_FR\" \/>\n<meta property=\"og:type\" content=\"article\" \/>\n<meta property=\"og:title\" content=\"Geometrik Yellow Pillow Case - Coltique\" \/>\n<meta property=\"og:description\" content=\"44% Polyacrylonitrile 32% Poliester 24% Cotton\" \/>\n<meta property=\"og:url\" content=\"https:\/\/coltique.pt\/fr\/product\/geometrik-yellow-housse-de-coussin\/\" \/>\n<meta property=\"og:site_name\" content=\"Coltique\" \/>\n<meta property=\"article:publisher\" content=\"https:\/\/facebook.com\/coltique.pt\" \/>\n<meta property=\"article:modified_time\" content=\"2024-03-26T15:16:49+00:00\" \/>\n<meta property=\"og:image\" content=\"https:\/\/coltique.pt\/wp-content\/uploads\/2023\/11\/WAM02984.jpg\" \/>\n\t<meta property=\"og:image:width\" content=\"1200\" \/>\n\t<meta property=\"og:image:height\" content=\"1200\" \/>\n\t<meta property=\"og:image:type\" content=\"image\/jpeg\" \/>\n<meta name=\"twitter:card\" content=\"summary_large_image\" \/>\n<meta name=\"twitter:label1\" content=\"Est. reading time\" \/>\n\t<meta name=\"twitter:data1\" content=\"1 minute\" \/>\n<script type=\"application\/ld+json\" class=\"yoast-schema-graph\">{\"@context\":\"https:\/\/schema.org\",\"@graph\":[{\"@type\":\"WebPage\",\"@id\":\"https:\/\/coltique.pt\/product\/geometrik-yellow-pillow-case\/\",\"url\":\"https:\/\/coltique.pt\/product\/geometrik-yellow-pillow-case\/\",\"name\":\"Geometrik Yellow Pillow Case - Coltique\",\"isPartOf\":{\"@id\":\"https:\/\/coltique.pt\/#website\"},\"primaryImageOfPage\":{\"@id\":\"https:\/\/coltique.pt\/product\/geometrik-yellow-pillow-case\/#primaryimage\"},\"image\":{\"@id\":\"https:\/\/coltique.pt\/product\/geometrik-yellow-pillow-case\/#primaryimage\"},\"thumbnailUrl\":\"https:\/\/coltique.pt\/wp-content\/uploads\/2023\/11\/WAM02984.jpg\",\"datePublished\":\"2023-11-20T18:02:57+00:00\",\"dateModified\":\"2024-03-26T15:16:49+00:00\",\"breadcrumb\":{\"@id\":\"https:\/\/coltique.pt\/product\/geometrik-yellow-pillow-case\/#breadcrumb\"},\"inLanguage\":\"fr-FR\",\"potentialAction\":[{\"@type\":\"ReadAction\",\"target\":[\"https:\/\/coltique.pt\/product\/geometrik-yellow-pillow-case\/\"]}]},{\"@type\":\"ImageObject\",\"inLanguage\":\"fr-FR\",\"@id\":\"https:\/\/coltique.pt\/product\/geometrik-yellow-pillow-case\/#primaryimage\",\"url\":\"https:\/\/coltique.pt\/wp-content\/uploads\/2023\/11\/WAM02984.jpg\",\"contentUrl\":\"https:\/\/coltique.pt\/wp-content\/uploads\/2023\/11\/WAM02984.jpg\",\"width\":1200,\"height\":1200},{\"@type\":\"BreadcrumbList\",\"@id\":\"https:\/\/coltique.pt\/product\/geometrik-yellow-pillow-case\/#breadcrumb\",\"itemListElement\":[{\"@type\":\"ListItem\",\"position\":1,\"name\":\"Home\",\"item\":\"https:\/\/coltique.pt\/\"},{\"@type\":\"ListItem\",\"position\":2,\"name\":\"Shop\",\"item\":\"https:\/\/coltique.pt\/shop\/\"},{\"@type\":\"ListItem\",\"position\":3,\"name\":\"Geometrik Yellow Pillow Case\"}]},{\"@type\":\"WebSite\",\"@id\":\"https:\/\/coltique.pt\/#website\",\"url\":\"https:\/\/coltique.pt\/\",\"name\":\"Coltique\",\"description\":\"Your new favorite marketplace\",\"publisher\":{\"@id\":\"https:\/\/coltique.pt\/#organization\"},\"potentialAction\":[{\"@type\":\"SearchAction\",\"target\":{\"@type\":\"EntryPoint\",\"urlTemplate\":\"https:\/\/coltique.pt\/?s={search_term_string}\"},\"query-input\":\"required name=search_term_string\"}],\"inLanguage\":\"fr-FR\"},{\"@type\":\"Organization\",\"@id\":\"https:\/\/coltique.pt\/#organization\",\"name\":\"Coltique\",\"url\":\"https:\/\/coltique.pt\/\",\"logo\":{\"@type\":\"ImageObject\",\"inLanguage\":\"fr-FR\",\"@id\":\"https:\/\/coltique.pt\/#\/schema\/logo\/image\/\",\"url\":\"https:\/\/coltique.pt\/wp-content\/uploads\/2022\/10\/Logo_RGB_Preto.png\",\"contentUrl\":\"https:\/\/coltique.pt\/wp-content\/uploads\/2022\/10\/Logo_RGB_Preto.png\",\"width\":555,\"height\":114,\"caption\":\"Coltique\"},\"image\":{\"@id\":\"https:\/\/coltique.pt\/#\/schema\/logo\/image\/\"},\"sameAs\":[\"https:\/\/facebook.com\/coltique.pt\",\"https:\/\/instagram.com\/coltique.pt\",\"https:\/\/www.tiktok.com\/@coltique.pt\"]}]}<\/script>\n<!-- \/ Yoast SEO plugin. -->","yoast_head_json":{"title":"Geometrik Yellow Pillow Case - Coltique","robots":{"index":"index","follow":"follow","max-snippet":"max-snippet:-1","max-image-preview":"max-image-preview:large","max-video-preview":"max-video-preview:-1"},"canonical":"https:\/\/coltique.pt\/fr\/product\/geometrik-yellow-housse-de-coussin\/","og_locale":"fr_FR","og_type":"article","og_title":"Geometrik Yellow Pillow Case - Coltique","og_description":"44% Polyacrylonitrile 32% Poliester 24% Cotton","og_url":"https:\/\/coltique.pt\/fr\/product\/geometrik-yellow-housse-de-coussin\/","og_site_name":"Coltique","article_publisher":"https:\/\/facebook.com\/coltique.pt","article_modified_time":"2024-03-26T15:16:49+00:00","og_image":[{"width":1200,"height":1200,"url":"https:\/\/coltique.pt\/wp-content\/uploads\/2023\/11\/WAM02984.jpg","type":"image\/jpeg"}],"twitter_card":"summary_large_image","twitter_misc":{"Est. reading time":"1 minute"},"schema":{"@context":"https:\/\/schema.org","@graph":[{"@type":"WebPage","@id":"https:\/\/coltique.pt\/product\/geometrik-yellow-pillow-case\/","url":"https:\/\/coltique.pt\/product\/geometrik-yellow-pillow-case\/","name":"Geometrik Yellow Pillow Case - Coltique","isPartOf":{"@id":"https:\/\/coltique.pt\/#website"},"primaryImageOfPage":{"@id":"https:\/\/coltique.pt\/product\/geometrik-yellow-pillow-case\/#primaryimage"},"image":{"@id":"https:\/\/coltique.pt\/product\/geometrik-yellow-pillow-case\/#primaryimage"},"thumbnailUrl":"https:\/\/coltique.pt\/wp-content\/uploads\/2023\/11\/WAM02984.jpg","datePublished":"2023-11-20T18:02:57+00:00","dateModified":"2024-03-26T15:16:49+00:00","breadcrumb":{"@id":"https:\/\/coltique.pt\/product\/geometrik-yellow-pillow-case\/#breadcrumb"},"inLanguage":"fr-FR","potentialAction":[{"@type":"ReadAction","target":["https:\/\/coltique.pt\/product\/geometrik-yellow-pillow-case\/"]}]},{"@type":"ImageObject","inLanguage":"fr-FR","@id":"https:\/\/coltique.pt\/product\/geometrik-yellow-pillow-case\/#primaryimage","url":"https:\/\/coltique.pt\/wp-content\/uploads\/2023\/11\/WAM02984.jpg","contentUrl":"https:\/\/coltique.pt\/wp-content\/uploads\/2023\/11\/WAM02984.jpg","width":1200,"height":1200},{"@type":"BreadcrumbList","@id":"https:\/\/coltique.pt\/product\/geometrik-yellow-pillow-case\/#breadcrumb","itemListElement":[{"@type":"ListItem","position":1,"name":"Home","item":"https:\/\/coltique.pt\/"},{"@type":"ListItem","position":2,"name":"Shop","item":"https:\/\/coltique.pt\/shop\/"},{"@type":"ListItem","position":3,"name":"Geometrik Yellow Pillow Case"}]},{"@type":"WebSite","@id":"https:\/\/coltique.pt\/#website","url":"https:\/\/coltique.pt\/","name":"Coltique","description":"Your new favorite marketplace","publisher":{"@id":"https:\/\/coltique.pt\/#organization"},"potentialAction":[{"@type":"SearchAction","target":{"@type":"EntryPoint","urlTemplate":"https:\/\/coltique.pt\/?s={search_term_string}"},"query-input":"required name=search_term_string"}],"inLanguage":"fr-FR"},{"@type":"Organization","@id":"https:\/\/coltique.pt\/#organization","name":"Coltique","url":"https:\/\/coltique.pt\/","logo":{"@type":"ImageObject","inLanguage":"fr-FR","@id":"https:\/\/coltique.pt\/#\/schema\/logo\/image\/","url":"https:\/\/coltique.pt\/wp-content\/uploads\/2022\/10\/Logo_RGB_Preto.png","contentUrl":"https:\/\/coltique.pt\/wp-content\/uploads\/2022\/10\/Logo_RGB_Preto.png","width":555,"height":114,"caption":"Coltique"},"image":{"@id":"https:\/\/coltique.pt\/#\/schema\/logo\/image\/"},"sameAs":["https:\/\/facebook.com\/coltique.pt","https:\/\/instagram.com\/coltique.pt","https:\/\/www.tiktok.com\/@coltique.pt"]}]}},"_links":{"self":[{"href":"https:\/\/coltique.pt\/fr\/wp-json\/wp\/v2\/product\/5444"}],"collection":[{"href":"https:\/\/coltique.pt\/fr\/wp-json\/wp\/v2\/product"}],"about":[{"href":"https:\/\/coltique.pt\/fr\/wp-json\/wp\/v2\/types\/product"}],"replies":[{"embeddable":true,"href":"https:\/\/coltique.pt\/fr\/wp-json\/wp\/v2\/comments?post=5444"}],"wp:featuredmedia":[{"embeddable":true,"href":"https:\/\/coltique.pt\/fr\/wp-json\/wp\/v2\/media\/5456"}],"wp:attachment":[{"href":"https:\/\/coltique.pt\/fr\/wp-json\/wp\/v2\/media?parent=5444"}],"wp:term":[{"taxonomy":"product_cat","embeddable":true,"href":"https:\/\/coltique.pt\/fr\/wp-json\/wp\/v2\/product_cat?post=5444"},{"taxonomy":"product_tag","embeddable":true,"href":"https:\/\/coltique.pt\/fr\/wp-json\/wp\/v2\/product_tag?post=5444"},{"taxonomy":"product_brand","embeddable":true,"href":"https:\/\/coltique.pt\/fr\/wp-json\/wp\/v2\/genre?post=5444"}],"curies":[{"name":"wp","href":"https:\/\/api.w.org\/{rel}","templated":true}]}}