{"id":6784,"date":"2024-03-20T11:04:24","date_gmt":"2024-03-20T11:04:24","guid":{"rendered":"https:\/\/coltique.pt\/?post_type=product&#038;p=6784"},"modified":"2026-02-06T11:17:47","modified_gmt":"2026-02-06T11:17:47","slug":"gypsophila-panic-pink","status":"publish","type":"product","link":"https:\/\/coltique.pt\/fr\/product\/gypsophila-panic-rose\/","title":{"rendered":"<p>Gypsophila Panic<\/p>"},"content":{"rendered":"","protected":false},"excerpt":{"rendered":"<p>Fleurs pr\u00e9serv\u00e9es<br>\nColeur: Rose<br>\nAltura: 70cm<p><strong>Entretien et maintenance\u00a0:<\/strong><br>\n\u00c9vitez l'exposition directe au soleil, car les couleurs peuvent s'estomper avec le temps.<br>\n\u00c9vitez de placer les fleurs \u00e0 proximit\u00e9 de sources de chaleur \u00e9lev\u00e9es et\/ou d'environnements tr\u00e8s humides, afin de mieux pr\u00e9server la structure d\u00e9licate des fleurs.<br>\nLes fleurs ont subi un processus de conservation, ce qui signifie qu'elles n'ont pas besoin d'\u00eatre plac\u00e9es dans l'eau. Cela les endommagerait. Essuyez tr\u00e8s d\u00e9licatement avec un chiffon sec.<br>\nVous devez \u00eatre tr\u00e8s prudent lorsque vous les manipulez, sans plier ni presser les fleurs.<\/p><\/p>","protected":false},"featured_media":6787,"comment_status":"open","ping_status":"closed","template":"","meta":[],"product_cat":[238,217],"product_tag":[],"genre":[235],"yoast_head":"<!-- This site is optimized with the Yoast SEO plugin v22.3 - https:\/\/yoast.com\/wordpress\/plugins\/seo\/ -->\n<title>Gypsophila Panic - Coltique<\/title>\n<meta name=\"robots\" content=\"index, follow, max-snippet:-1, max-image-preview:large, max-video-preview:-1\" \/>\n<link rel=\"canonical\" href=\"https:\/\/coltique.pt\/fr\/product\/gypsophila-panic-rose\/\" \/>\n<meta property=\"og:locale\" content=\"fr_FR\" \/>\n<meta property=\"og:type\" content=\"article\" \/>\n<meta property=\"og:title\" content=\"Gypsophila Panic - Coltique\" \/>\n<meta property=\"og:description\" content=\"Preserved flowers Color: Pink Height: 70 cm  Care and Maintenance: Avoid direct exposure to sunlight, as colors may fade over time. Avoid flowers being located near high heat sources and\/or environments with high humidity, to better preserve the delicate structure of the flowers. The flowers have gone through a conservation process, meaning they do not need to be placed in water. This will damage them. Wipe very gently with a dry cloth. You must be very careful when handling them, not bending or squeezing the flowers.\" \/>\n<meta property=\"og:url\" content=\"https:\/\/coltique.pt\/fr\/product\/gypsophila-panic-rose\/\" \/>\n<meta property=\"og:site_name\" content=\"Coltique\" \/>\n<meta property=\"article:publisher\" content=\"https:\/\/facebook.com\/coltique.pt\" \/>\n<meta property=\"article:modified_time\" content=\"2026-02-06T11:17:47+00:00\" \/>\n<meta property=\"og:image\" content=\"https:\/\/coltique.pt\/wp-content\/uploads\/2024\/03\/WAM06636.jpg\" \/>\n\t<meta property=\"og:image:width\" content=\"600\" \/>\n\t<meta property=\"og:image:height\" content=\"600\" \/>\n\t<meta property=\"og:image:type\" content=\"image\/jpeg\" \/>\n<meta name=\"twitter:card\" content=\"summary_large_image\" \/>\n<meta name=\"twitter:label1\" content=\"Est. reading time\" \/>\n\t<meta name=\"twitter:data1\" content=\"1 minute\" \/>\n<script type=\"application\/ld+json\" class=\"yoast-schema-graph\">{\"@context\":\"https:\/\/schema.org\",\"@graph\":[{\"@type\":\"WebPage\",\"@id\":\"https:\/\/coltique.pt\/product\/gypsophila-panic-pink\/\",\"url\":\"https:\/\/coltique.pt\/product\/gypsophila-panic-pink\/\",\"name\":\"Gypsophila Panic - Coltique\",\"isPartOf\":{\"@id\":\"https:\/\/coltique.pt\/#website\"},\"primaryImageOfPage\":{\"@id\":\"https:\/\/coltique.pt\/product\/gypsophila-panic-pink\/#primaryimage\"},\"image\":{\"@id\":\"https:\/\/coltique.pt\/product\/gypsophila-panic-pink\/#primaryimage\"},\"thumbnailUrl\":\"https:\/\/coltique.pt\/wp-content\/uploads\/2024\/03\/WAM06636.jpg\",\"datePublished\":\"2024-03-20T11:04:24+00:00\",\"dateModified\":\"2026-02-06T11:17:47+00:00\",\"breadcrumb\":{\"@id\":\"https:\/\/coltique.pt\/product\/gypsophila-panic-pink\/#breadcrumb\"},\"inLanguage\":\"fr-FR\",\"potentialAction\":[{\"@type\":\"ReadAction\",\"target\":[\"https:\/\/coltique.pt\/product\/gypsophila-panic-pink\/\"]}]},{\"@type\":\"ImageObject\",\"inLanguage\":\"fr-FR\",\"@id\":\"https:\/\/coltique.pt\/product\/gypsophila-panic-pink\/#primaryimage\",\"url\":\"https:\/\/coltique.pt\/wp-content\/uploads\/2024\/03\/WAM06636.jpg\",\"contentUrl\":\"https:\/\/coltique.pt\/wp-content\/uploads\/2024\/03\/WAM06636.jpg\",\"width\":600,\"height\":600},{\"@type\":\"BreadcrumbList\",\"@id\":\"https:\/\/coltique.pt\/product\/gypsophila-panic-pink\/#breadcrumb\",\"itemListElement\":[{\"@type\":\"ListItem\",\"position\":1,\"name\":\"Home\",\"item\":\"https:\/\/coltique.pt\/\"},{\"@type\":\"ListItem\",\"position\":2,\"name\":\"Shop\",\"item\":\"https:\/\/coltique.pt\/shop\/\"},{\"@type\":\"ListItem\",\"position\":3,\"name\":\"Gypsophila Panic\"}]},{\"@type\":\"WebSite\",\"@id\":\"https:\/\/coltique.pt\/#website\",\"url\":\"https:\/\/coltique.pt\/\",\"name\":\"Coltique\",\"description\":\"Your new favorite marketplace\",\"publisher\":{\"@id\":\"https:\/\/coltique.pt\/#organization\"},\"potentialAction\":[{\"@type\":\"SearchAction\",\"target\":{\"@type\":\"EntryPoint\",\"urlTemplate\":\"https:\/\/coltique.pt\/?s={search_term_string}\"},\"query-input\":\"required name=search_term_string\"}],\"inLanguage\":\"fr-FR\"},{\"@type\":\"Organization\",\"@id\":\"https:\/\/coltique.pt\/#organization\",\"name\":\"Coltique\",\"url\":\"https:\/\/coltique.pt\/\",\"logo\":{\"@type\":\"ImageObject\",\"inLanguage\":\"fr-FR\",\"@id\":\"https:\/\/coltique.pt\/#\/schema\/logo\/image\/\",\"url\":\"https:\/\/coltique.pt\/wp-content\/uploads\/2022\/10\/Logo_RGB_Preto.png\",\"contentUrl\":\"https:\/\/coltique.pt\/wp-content\/uploads\/2022\/10\/Logo_RGB_Preto.png\",\"width\":555,\"height\":114,\"caption\":\"Coltique\"},\"image\":{\"@id\":\"https:\/\/coltique.pt\/#\/schema\/logo\/image\/\"},\"sameAs\":[\"https:\/\/facebook.com\/coltique.pt\",\"https:\/\/instagram.com\/coltique.pt\",\"https:\/\/www.tiktok.com\/@coltique.pt\"]}]}<\/script>\n<!-- \/ Yoast SEO plugin. -->","yoast_head_json":{"title":"Gypsophila Panic - Coltique","robots":{"index":"index","follow":"follow","max-snippet":"max-snippet:-1","max-image-preview":"max-image-preview:large","max-video-preview":"max-video-preview:-1"},"canonical":"https:\/\/coltique.pt\/fr\/product\/gypsophila-panic-rose\/","og_locale":"fr_FR","og_type":"article","og_title":"Gypsophila Panic - Coltique","og_description":"Preserved flowers Color: Pink Height: 70 cm  Care and Maintenance: Avoid direct exposure to sunlight, as colors may fade over time. Avoid flowers being located near high heat sources and\/or environments with high humidity, to better preserve the delicate structure of the flowers. The flowers have gone through a conservation process, meaning they do not need to be placed in water. This will damage them. Wipe very gently with a dry cloth. You must be very careful when handling them, not bending or squeezing the flowers.","og_url":"https:\/\/coltique.pt\/fr\/product\/gypsophila-panic-rose\/","og_site_name":"Coltique","article_publisher":"https:\/\/facebook.com\/coltique.pt","article_modified_time":"2026-02-06T11:17:47+00:00","og_image":[{"width":600,"height":600,"url":"https:\/\/coltique.pt\/wp-content\/uploads\/2024\/03\/WAM06636.jpg","type":"image\/jpeg"}],"twitter_card":"summary_large_image","twitter_misc":{"Est. reading time":"1 minute"},"schema":{"@context":"https:\/\/schema.org","@graph":[{"@type":"WebPage","@id":"https:\/\/coltique.pt\/product\/gypsophila-panic-pink\/","url":"https:\/\/coltique.pt\/product\/gypsophila-panic-pink\/","name":"Gypsophila Panic - Coltique","isPartOf":{"@id":"https:\/\/coltique.pt\/#website"},"primaryImageOfPage":{"@id":"https:\/\/coltique.pt\/product\/gypsophila-panic-pink\/#primaryimage"},"image":{"@id":"https:\/\/coltique.pt\/product\/gypsophila-panic-pink\/#primaryimage"},"thumbnailUrl":"https:\/\/coltique.pt\/wp-content\/uploads\/2024\/03\/WAM06636.jpg","datePublished":"2024-03-20T11:04:24+00:00","dateModified":"2026-02-06T11:17:47+00:00","breadcrumb":{"@id":"https:\/\/coltique.pt\/product\/gypsophila-panic-pink\/#breadcrumb"},"inLanguage":"fr-FR","potentialAction":[{"@type":"ReadAction","target":["https:\/\/coltique.pt\/product\/gypsophila-panic-pink\/"]}]},{"@type":"ImageObject","inLanguage":"fr-FR","@id":"https:\/\/coltique.pt\/product\/gypsophila-panic-pink\/#primaryimage","url":"https:\/\/coltique.pt\/wp-content\/uploads\/2024\/03\/WAM06636.jpg","contentUrl":"https:\/\/coltique.pt\/wp-content\/uploads\/2024\/03\/WAM06636.jpg","width":600,"height":600},{"@type":"BreadcrumbList","@id":"https:\/\/coltique.pt\/product\/gypsophila-panic-pink\/#breadcrumb","itemListElement":[{"@type":"ListItem","position":1,"name":"Home","item":"https:\/\/coltique.pt\/"},{"@type":"ListItem","position":2,"name":"Shop","item":"https:\/\/coltique.pt\/shop\/"},{"@type":"ListItem","position":3,"name":"Gypsophila Panic"}]},{"@type":"WebSite","@id":"https:\/\/coltique.pt\/#website","url":"https:\/\/coltique.pt\/","name":"Coltique","description":"Your new favorite marketplace","publisher":{"@id":"https:\/\/coltique.pt\/#organization"},"potentialAction":[{"@type":"SearchAction","target":{"@type":"EntryPoint","urlTemplate":"https:\/\/coltique.pt\/?s={search_term_string}"},"query-input":"required name=search_term_string"}],"inLanguage":"fr-FR"},{"@type":"Organization","@id":"https:\/\/coltique.pt\/#organization","name":"Coltique","url":"https:\/\/coltique.pt\/","logo":{"@type":"ImageObject","inLanguage":"fr-FR","@id":"https:\/\/coltique.pt\/#\/schema\/logo\/image\/","url":"https:\/\/coltique.pt\/wp-content\/uploads\/2022\/10\/Logo_RGB_Preto.png","contentUrl":"https:\/\/coltique.pt\/wp-content\/uploads\/2022\/10\/Logo_RGB_Preto.png","width":555,"height":114,"caption":"Coltique"},"image":{"@id":"https:\/\/coltique.pt\/#\/schema\/logo\/image\/"},"sameAs":["https:\/\/facebook.com\/coltique.pt","https:\/\/instagram.com\/coltique.pt","https:\/\/www.tiktok.com\/@coltique.pt"]}]}},"_links":{"self":[{"href":"https:\/\/coltique.pt\/fr\/wp-json\/wp\/v2\/product\/6784"}],"collection":[{"href":"https:\/\/coltique.pt\/fr\/wp-json\/wp\/v2\/product"}],"about":[{"href":"https:\/\/coltique.pt\/fr\/wp-json\/wp\/v2\/types\/product"}],"replies":[{"embeddable":true,"href":"https:\/\/coltique.pt\/fr\/wp-json\/wp\/v2\/comments?post=6784"}],"wp:featuredmedia":[{"embeddable":true,"href":"https:\/\/coltique.pt\/fr\/wp-json\/wp\/v2\/media\/6787"}],"wp:attachment":[{"href":"https:\/\/coltique.pt\/fr\/wp-json\/wp\/v2\/media?parent=6784"}],"wp:term":[{"taxonomy":"product_cat","embeddable":true,"href":"https:\/\/coltique.pt\/fr\/wp-json\/wp\/v2\/product_cat?post=6784"},{"taxonomy":"product_tag","embeddable":true,"href":"https:\/\/coltique.pt\/fr\/wp-json\/wp\/v2\/product_tag?post=6784"},{"taxonomy":"product_brand","embeddable":true,"href":"https:\/\/coltique.pt\/fr\/wp-json\/wp\/v2\/genre?post=6784"}],"curies":[{"name":"wp","href":"https:\/\/api.w.org\/{rel}","templated":true}]}}