{"id":4005,"date":"2022-10-31T14:27:12","date_gmt":"2022-10-31T14:27:12","guid":{"rendered":"https:\/\/coltique.pt\/?post_type=product&#038;p=4005"},"modified":"2024-03-26T12:31:56","modified_gmt":"2024-03-26T12:31:56","slug":"geriatric-padded-mattress-protector-with-flaps","status":"publish","type":"product","link":"https:\/\/coltique.pt\/pt\/produto\/resguardo-geriatrico-acolchoado-com-abas-laterais\/","title":{"rendered":"<p>Geriatric padded mattress protector with flaps &ndash; 90&times;90 cm (flaps with 50cm)<\/p>"},"content":{"rendered":"<p>S\u00e3o v\u00e1rias as causas que podem levar uma pessoa a ficar acamada, o que requer cuidados importantes por parte do cuidador. Podem estar na cama totalmente im\u00f3veis e inteiramente dependentes de terceiros, neste sentido movimentar uma pessoa acamada pode ser um verdadeiro desafio.<p>A postura incorreta e a necessidade de exercer for\u00e7a excessiva s\u00e3o das principais dificuldades de quem cuida, que acaba tamb\u00e9m por se traduzir num momento de desconforto e at\u00e9 dor para o paciente.<\/p><p>Com o protetor de colch\u00e3o acholchoado este processo torna-se mais simples e eficaz. As suas abas e\/ou pegas laterais, atuam como auxiliadores de mobilidade, permitindo ao cuidador virar o paciente sem tanto esfor\u00e7o e promovendo ao acamado um maior conforto no momento de mudar de posi\u00e7\u00e3o.<\/p><p>Com uma combina\u00e7\u00e3o de diferentes materiais, pretende-se reduzir as zonas de atrito na pele e a sua elevada capacidade de absor\u00e7\u00e3o, permite absorver o excesso de humidade e conferir um maior conforto ao acamado. Imperme\u00e1vel, n\u00e3o deixa passar os l\u00edquidos indesejados.<\/p><p>Indicado para pessoas com problemas de mobilidade, incontin\u00eancia, entre outros, este protetor vai manter a pele limpa e seca, contribuindo para uma higiene mais cuidada.<\/p><p>&nbsp;<\/p><table class=\"tabela-caracteristicas\" style=\"width: 100%;\">\n<tbody>\n<tr>\n<td><img decoding=\"async\" src=\"\/wp-content\/uploads\/2022\/11\/ger-Waterproof.png\" alt=\"waterproof\"><\/td>\n<td><img decoding=\"async\" src=\"\/wp-content\/uploads\/2022\/11\/ger-Softness.png\" alt=\"breathable\"><\/td>\n<td><img decoding=\"async\" src=\"\/wp-content\/uploads\/2022\/11\/ger-High-absorption-capacity.png\" alt=\"high absorption\"><\/td>\n<td><img decoding=\"async\" src=\"\/wp-content\/uploads\/2022\/10\/High-durability-1.png\" alt=\"high durability\"><\/td>\n<td><\/td>\n<td><\/td>\n<td><\/td>\n<\/tr>\n<tr>\n<td>Imperme\u00e1vel<\/td>\n<td>Suavidade<\/td>\n<td>Elevada capacidade de absor\u00e7\u00e3o<\/td>\n<td>Elevada resist\u00eancia<\/td>\n<td><\/td>\n<td><\/td>\n<td><\/td>\n<\/tr>\n<\/tbody>\n<\/table><p>&nbsp;<\/p><p><strong>Caracter\u00edsticas<\/strong><\/p><ul>\n<li>Elevada resist\u00eancia.<\/li>\n<li>Imperme\u00e1vel.<\/li>\n<li>Suavidade e conforto.<\/li>\n<li>Elevada capacidade de absor\u00e7\u00e3o.<\/li>\n<\/ul><p>&nbsp;<\/p><p><a class=\"button\" href=\"https:\/\/coltique.pt\/pt\/instructions-care\/\" name=\"washing-and-care\">Ver instru\u00e7\u00f5es e cuidados<\/a><\/p><\/p>","protected":false},"excerpt":{"rendered":"<p><b>Composi\u00e7\u00e3o<\/b><ul>\n<li>This padded protector consists of 4 layers. A top layer of 50% Cotton\/50% Polyester fabric, 120g\/m2&plusmn;5%, padded with a 90% Polyester \/ 10% Polypropylene felt, 250g\/m2&plusmn;5%, combined with a waterproof and breathable 100% Polyurethane membrane and a lower layer in 100% Polyester knit of 70g\/m2&plusmn; 5%.<\/li>\n<li>Dispon\u00edvel com 4 pegas e 2 abas laterais em malha 50% Algod\u00e3o\/50% Poli\u00e9ster<\/li>\n<li>Total Weight: 490g\/m2 &plusmn; 5%<\/li>\n<\/ul><\/p>","protected":false},"featured_media":4006,"comment_status":"open","ping_status":"closed","template":"","meta":[],"product_cat":[230,167],"product_tag":[],"genre":[233,170],"yoast_head":"<!-- This site is optimized with the Yoast SEO plugin v22.3 - https:\/\/yoast.com\/wordpress\/plugins\/seo\/ -->\n<title>Geriatric padded mattress protector with flaps - 90x90 cm (flaps with 50cm) - Coltique<\/title>\n<meta name=\"description\" content=\"Geriatric padded mattress protector with handles that allows the caregiver to turn the patient without effort and provides greater comfort to the bedridden.\" \/>\n<meta name=\"robots\" content=\"index, follow, max-snippet:-1, max-image-preview:large, max-video-preview:-1\" \/>\n<link rel=\"canonical\" href=\"https:\/\/coltique.pt\/pt\/produto\/resguardo-geriatrico-acolchoado-com-abas-laterais\/\" \/>\n<meta property=\"og:locale\" content=\"pt_PT\" \/>\n<meta property=\"og:type\" content=\"article\" \/>\n<meta property=\"og:title\" content=\"Geriatric padded mattress protector with flaps - 90x90 cm (flaps with 50cm) - Coltique\" \/>\n<meta property=\"og:description\" content=\"Geriatric padded mattress protector with handles that allows the caregiver to turn the patient without effort and provides greater comfort to the bedridden.\" \/>\n<meta property=\"og:url\" content=\"https:\/\/coltique.pt\/pt\/produto\/resguardo-geriatrico-acolchoado-com-abas-laterais\/\" \/>\n<meta property=\"og:site_name\" content=\"Coltique\" \/>\n<meta property=\"article:publisher\" content=\"https:\/\/facebook.com\/coltique.pt\" \/>\n<meta property=\"article:modified_time\" content=\"2024-03-26T12:31:56+00:00\" \/>\n<meta property=\"og:image\" content=\"https:\/\/coltique.pt\/wp-content\/uploads\/2022\/10\/geral-23.jpg\" \/>\n\t<meta property=\"og:image:width\" content=\"1200\" \/>\n\t<meta property=\"og:image:height\" content=\"1200\" \/>\n\t<meta property=\"og:image:type\" content=\"image\/jpeg\" \/>\n<meta name=\"twitter:card\" content=\"summary_large_image\" \/>\n<meta name=\"twitter:label1\" content=\"Tempo estimado de leitura\" \/>\n\t<meta name=\"twitter:data1\" content=\"2 minutos\" \/>\n<script type=\"application\/ld+json\" class=\"yoast-schema-graph\">{\"@context\":\"https:\/\/schema.org\",\"@graph\":[{\"@type\":\"WebPage\",\"@id\":\"https:\/\/coltique.pt\/product\/geriatric-padded-mattress-protector-with-flaps\/\",\"url\":\"https:\/\/coltique.pt\/product\/geriatric-padded-mattress-protector-with-flaps\/\",\"name\":\"Geriatric padded mattress protector with flaps - 90x90 cm (flaps with 50cm) - Coltique\",\"isPartOf\":{\"@id\":\"https:\/\/coltique.pt\/#website\"},\"primaryImageOfPage\":{\"@id\":\"https:\/\/coltique.pt\/product\/geriatric-padded-mattress-protector-with-flaps\/#primaryimage\"},\"image\":{\"@id\":\"https:\/\/coltique.pt\/product\/geriatric-padded-mattress-protector-with-flaps\/#primaryimage\"},\"thumbnailUrl\":\"https:\/\/coltique.pt\/wp-content\/uploads\/2022\/10\/geral-23.jpg\",\"datePublished\":\"2022-10-31T14:27:12+00:00\",\"dateModified\":\"2024-03-26T12:31:56+00:00\",\"description\":\"Geriatric padded mattress protector with handles that allows the caregiver to turn the patient without effort and provides greater comfort to the bedridden.\",\"breadcrumb\":{\"@id\":\"https:\/\/coltique.pt\/product\/geriatric-padded-mattress-protector-with-flaps\/#breadcrumb\"},\"inLanguage\":\"pt-PT\",\"potentialAction\":[{\"@type\":\"ReadAction\",\"target\":[\"https:\/\/coltique.pt\/product\/geriatric-padded-mattress-protector-with-flaps\/\"]}]},{\"@type\":\"ImageObject\",\"inLanguage\":\"pt-PT\",\"@id\":\"https:\/\/coltique.pt\/product\/geriatric-padded-mattress-protector-with-flaps\/#primaryimage\",\"url\":\"https:\/\/coltique.pt\/wp-content\/uploads\/2022\/10\/geral-23.jpg\",\"contentUrl\":\"https:\/\/coltique.pt\/wp-content\/uploads\/2022\/10\/geral-23.jpg\",\"width\":1200,\"height\":1200},{\"@type\":\"BreadcrumbList\",\"@id\":\"https:\/\/coltique.pt\/product\/geriatric-padded-mattress-protector-with-flaps\/#breadcrumb\",\"itemListElement\":[{\"@type\":\"ListItem\",\"position\":1,\"name\":\"Home\",\"item\":\"https:\/\/coltique.pt\/\"},{\"@type\":\"ListItem\",\"position\":2,\"name\":\"Shop\",\"item\":\"https:\/\/coltique.pt\/shop\/\"},{\"@type\":\"ListItem\",\"position\":3,\"name\":\"Geriatric padded mattress protector with flaps &#8211; 90&#215;90 cm (flaps with 50cm)\"}]},{\"@type\":\"WebSite\",\"@id\":\"https:\/\/coltique.pt\/#website\",\"url\":\"https:\/\/coltique.pt\/\",\"name\":\"Coltique\",\"description\":\"Your new favorite marketplace\",\"publisher\":{\"@id\":\"https:\/\/coltique.pt\/#organization\"},\"potentialAction\":[{\"@type\":\"SearchAction\",\"target\":{\"@type\":\"EntryPoint\",\"urlTemplate\":\"https:\/\/coltique.pt\/?s={search_term_string}\"},\"query-input\":\"required name=search_term_string\"}],\"inLanguage\":\"pt-PT\"},{\"@type\":\"Organization\",\"@id\":\"https:\/\/coltique.pt\/#organization\",\"name\":\"Coltique\",\"url\":\"https:\/\/coltique.pt\/\",\"logo\":{\"@type\":\"ImageObject\",\"inLanguage\":\"pt-PT\",\"@id\":\"https:\/\/coltique.pt\/#\/schema\/logo\/image\/\",\"url\":\"https:\/\/coltique.pt\/wp-content\/uploads\/2022\/10\/Logo_RGB_Preto.png\",\"contentUrl\":\"https:\/\/coltique.pt\/wp-content\/uploads\/2022\/10\/Logo_RGB_Preto.png\",\"width\":555,\"height\":114,\"caption\":\"Coltique\"},\"image\":{\"@id\":\"https:\/\/coltique.pt\/#\/schema\/logo\/image\/\"},\"sameAs\":[\"https:\/\/facebook.com\/coltique.pt\",\"https:\/\/instagram.com\/coltique.pt\",\"https:\/\/www.tiktok.com\/@coltique.pt\"]}]}<\/script>\n<!-- \/ Yoast SEO plugin. -->","yoast_head_json":{"title":"Geriatric padded mattress protector with flaps - 90x90 cm (flaps with 50cm) - Coltique","description":"Geriatric padded mattress protector with handles that allows the caregiver to turn the patient without effort and provides greater comfort to the bedridden.","robots":{"index":"index","follow":"follow","max-snippet":"max-snippet:-1","max-image-preview":"max-image-preview:large","max-video-preview":"max-video-preview:-1"},"canonical":"https:\/\/coltique.pt\/pt\/produto\/resguardo-geriatrico-acolchoado-com-abas-laterais\/","og_locale":"pt_PT","og_type":"article","og_title":"Geriatric padded mattress protector with flaps - 90x90 cm (flaps with 50cm) - Coltique","og_description":"Geriatric padded mattress protector with handles that allows the caregiver to turn the patient without effort and provides greater comfort to the bedridden.","og_url":"https:\/\/coltique.pt\/pt\/produto\/resguardo-geriatrico-acolchoado-com-abas-laterais\/","og_site_name":"Coltique","article_publisher":"https:\/\/facebook.com\/coltique.pt","article_modified_time":"2024-03-26T12:31:56+00:00","og_image":[{"width":1200,"height":1200,"url":"https:\/\/coltique.pt\/wp-content\/uploads\/2022\/10\/geral-23.jpg","type":"image\/jpeg"}],"twitter_card":"summary_large_image","twitter_misc":{"Tempo estimado de leitura":"2 minutos"},"schema":{"@context":"https:\/\/schema.org","@graph":[{"@type":"WebPage","@id":"https:\/\/coltique.pt\/product\/geriatric-padded-mattress-protector-with-flaps\/","url":"https:\/\/coltique.pt\/product\/geriatric-padded-mattress-protector-with-flaps\/","name":"Geriatric padded mattress protector with flaps - 90x90 cm (flaps with 50cm) - Coltique","isPartOf":{"@id":"https:\/\/coltique.pt\/#website"},"primaryImageOfPage":{"@id":"https:\/\/coltique.pt\/product\/geriatric-padded-mattress-protector-with-flaps\/#primaryimage"},"image":{"@id":"https:\/\/coltique.pt\/product\/geriatric-padded-mattress-protector-with-flaps\/#primaryimage"},"thumbnailUrl":"https:\/\/coltique.pt\/wp-content\/uploads\/2022\/10\/geral-23.jpg","datePublished":"2022-10-31T14:27:12+00:00","dateModified":"2024-03-26T12:31:56+00:00","description":"Geriatric padded mattress protector with handles that allows the caregiver to turn the patient without effort and provides greater comfort to the bedridden.","breadcrumb":{"@id":"https:\/\/coltique.pt\/product\/geriatric-padded-mattress-protector-with-flaps\/#breadcrumb"},"inLanguage":"pt-PT","potentialAction":[{"@type":"ReadAction","target":["https:\/\/coltique.pt\/product\/geriatric-padded-mattress-protector-with-flaps\/"]}]},{"@type":"ImageObject","inLanguage":"pt-PT","@id":"https:\/\/coltique.pt\/product\/geriatric-padded-mattress-protector-with-flaps\/#primaryimage","url":"https:\/\/coltique.pt\/wp-content\/uploads\/2022\/10\/geral-23.jpg","contentUrl":"https:\/\/coltique.pt\/wp-content\/uploads\/2022\/10\/geral-23.jpg","width":1200,"height":1200},{"@type":"BreadcrumbList","@id":"https:\/\/coltique.pt\/product\/geriatric-padded-mattress-protector-with-flaps\/#breadcrumb","itemListElement":[{"@type":"ListItem","position":1,"name":"Home","item":"https:\/\/coltique.pt\/"},{"@type":"ListItem","position":2,"name":"Shop","item":"https:\/\/coltique.pt\/shop\/"},{"@type":"ListItem","position":3,"name":"Geriatric padded mattress protector with flaps &#8211; 90&#215;90 cm (flaps with 50cm)"}]},{"@type":"WebSite","@id":"https:\/\/coltique.pt\/#website","url":"https:\/\/coltique.pt\/","name":"Coltique","description":"Your new favorite marketplace","publisher":{"@id":"https:\/\/coltique.pt\/#organization"},"potentialAction":[{"@type":"SearchAction","target":{"@type":"EntryPoint","urlTemplate":"https:\/\/coltique.pt\/?s={search_term_string}"},"query-input":"required name=search_term_string"}],"inLanguage":"pt-PT"},{"@type":"Organization","@id":"https:\/\/coltique.pt\/#organization","name":"Coltique","url":"https:\/\/coltique.pt\/","logo":{"@type":"ImageObject","inLanguage":"pt-PT","@id":"https:\/\/coltique.pt\/#\/schema\/logo\/image\/","url":"https:\/\/coltique.pt\/wp-content\/uploads\/2022\/10\/Logo_RGB_Preto.png","contentUrl":"https:\/\/coltique.pt\/wp-content\/uploads\/2022\/10\/Logo_RGB_Preto.png","width":555,"height":114,"caption":"Coltique"},"image":{"@id":"https:\/\/coltique.pt\/#\/schema\/logo\/image\/"},"sameAs":["https:\/\/facebook.com\/coltique.pt","https:\/\/instagram.com\/coltique.pt","https:\/\/www.tiktok.com\/@coltique.pt"]}]}},"_links":{"self":[{"href":"https:\/\/coltique.pt\/pt\/wp-json\/wp\/v2\/product\/4005"}],"collection":[{"href":"https:\/\/coltique.pt\/pt\/wp-json\/wp\/v2\/product"}],"about":[{"href":"https:\/\/coltique.pt\/pt\/wp-json\/wp\/v2\/types\/product"}],"replies":[{"embeddable":true,"href":"https:\/\/coltique.pt\/pt\/wp-json\/wp\/v2\/comments?post=4005"}],"wp:featuredmedia":[{"embeddable":true,"href":"https:\/\/coltique.pt\/pt\/wp-json\/wp\/v2\/media\/4006"}],"wp:attachment":[{"href":"https:\/\/coltique.pt\/pt\/wp-json\/wp\/v2\/media?parent=4005"}],"wp:term":[{"taxonomy":"product_cat","embeddable":true,"href":"https:\/\/coltique.pt\/pt\/wp-json\/wp\/v2\/product_cat?post=4005"},{"taxonomy":"product_tag","embeddable":true,"href":"https:\/\/coltique.pt\/pt\/wp-json\/wp\/v2\/product_tag?post=4005"},{"taxonomy":"product_brand","embeddable":true,"href":"https:\/\/coltique.pt\/pt\/wp-json\/wp\/v2\/genre?post=4005"}],"curies":[{"name":"wp","href":"https:\/\/api.w.org\/{rel}","templated":true}]}}