{"id":4922,"date":"2023-07-03T15:03:19","date_gmt":"2023-07-03T14:03:19","guid":{"rendered":"https:\/\/coltique.pt\/?post_type=product&#038;p=4922"},"modified":"2024-03-26T12:29:46","modified_gmt":"2024-03-26T12:29:46","slug":"pillow-case-in-3d-knit-with-zipper","status":"publish","type":"product","link":"https:\/\/coltique.pt\/pt\/produto\/forra-de-almofada-em-malha-3d\/","title":{"rendered":"<p>Forra de almofada em malha 3D com fecho<\/p>"},"content":{"rendered":"<figure class=\"mt-md-1 mb-6 p-relative ml-md-4 pl-md-2 w-md-50 float-md-right\" style=\"z-index: 1;\">\n<p class=\"mb-0\"><img fetchpriority=\"high\" decoding=\"async\" class=\"br-3 w-100\" src=\"\/wp-content\/uploads\/2022\/10\/003-Adulto-Thumbnail.jpg\" alt=\"Product Video\" width=\"610\" height=\"300\" data-lazy=\"\/wp-content\/uploads\/2022\/10\/003-Adulto-Thumbnail.jpg\"><\/p>\n<div class=\"overlay overlay-transparent\" style=\"opacity: 1; padding-top: 0;\">\n<div class=\"content video-popup\" style=\"margin: auto;\"><a class=\"btn btn-solid product-gallery-btn open-product-video-viewer\" style=\"display: flex; align-items: center; justify-content: center; padding: 0; font-size: 22px; width: 60px; height: 60px; border-radius: 50%; box-shadow: 0 5px 10px rgba(0,0,0,.2);\"><br>\n<i class=\"fa-play fas\"><\/i><br>\n<\/a><\/div>\n<\/div>\n<p>Para que os beb\u00e9s desenvolvam de forma saud\u00e1vel, e que possam estar no seu melhor durante o dia, \u00e9 crucial que as horas de sono sejam o mais tranquilas e cuidadas poss\u00edvel. O ambiente em que se encontram durante o dia \u00e9 importante, mas o ambiente na hora de descansar torna-se ainda mais relevante.<\/p><p>Our Sandwich pillow case, waterproof and breathable in 3D knit, is available in models with a flap or with a zipper and will help your baby have a peaceful night&rsquo;s sleep and pure rest.<\/p><p>Com uma elevada capacidade de absor\u00e7\u00e3o, \u00e9 capaz de absorver o excesso de humidade e evitar a prolifera\u00e7\u00e3o das bact\u00e9rias, caracter\u00edsticas importantes na hora de garantir uma maior seguran\u00e7a e conforto para o teu beb\u00e9. Com uma combina\u00e7\u00e3o de uma malha 3D e uma camada interm\u00e9dia em felpo, funcionam em conjunto proporcionando propriedades de r\u00e1pida absor\u00e7\u00e3o e conforto t\u00e9rmico, evitando a transpira\u00e7\u00e3o excessiva e garantindo o m\u00e1ximo conforto.<\/p><p>A combina\u00e7\u00e3o com uma uma membrana em 100% Poliuretano, garante a sua impermeabilidade, respirabilidade e n\u00e3o provoca ru\u00eddos inc\u00f3modos com o movimento, proporcionando um sono descansado e tranquilo.<\/p><p>&nbsp;<\/p><p><b>Composi\u00e7\u00e3o<\/b><\/p><ul>\n<li>Este protetor \u00e9 um modelo Sandwich,  composto por 3 camadas. Uma camada superior em malha 3D, 100% Poli\u00e9ster de 250g\/m2, uma camada interm\u00e9dia em felpo 80%Algod\u00e3o\/20%Poli\u00e9ster, de 140g\/m2, combinado com uma membrana em 100% Poliuretano na parte inferior, imperme\u00e1vel e respir\u00e1vel.<\/li>\n<li>Dispon\u00edvel com abas e fecho.<\/li>\n<li>Total Weight: 430g\/m2 &plusmn; 5%<\/li>\n<li>The knits and fabircs are certified with OEKO-TEX&reg; Standard 100 Class 1.<\/li>\n<\/ul><p>&nbsp;<\/p><p><strong>Estrutura 3D<\/strong><\/p><p>Este protetor utiliza uma malha 3D, formada por duas estruturas, ligadas por fios, que constituem uma malha tridimensional, com espessura de 3mm. Esta estrutura permite obter uma zona de circula\u00e7\u00e3o de ar, que vai promover uma sensa\u00e7\u00e3o de frescura e conforto durante o sono, permitindo a passagem da humidade e consequente absor\u00e7\u00e3o imediata pela camada interm\u00e9dia em felpo 80%Algod\u00e3o\/20%Poli\u00e9ster.<\/p><p>Esta combina\u00e7\u00e3o de materiais e estruturas vai originar um tecido altamente respir\u00e1vel, com elevada abor\u00e7\u00e3o de humidade e conforto t\u00e9rmico, de forma a preservar o calor corporal.<\/p><p>A combina\u00e7\u00e3o com uma membrana 100% Poliuretano, garante a sua impermeabilidade, respirabilidade e n\u00e3o provoca ru\u00eddos inc\u00f3modos com o movimento, proporcionando um sono descansado e tranquilo. O ideal para noites confort\u00e1veis e seguras.<\/p><table class=\"tabela-caracteristicas\" style=\"width: 100%;\">\n<tbody>\n<tr>\n<td><img decoding=\"async\" src=\"\/wp-content\/uploads\/2022\/10\/Waterproof-1.png\"><\/td>\n<td><img decoding=\"async\" src=\"\/wp-content\/uploads\/2022\/10\/Breathable-1.png\"><\/td>\n<td><img decoding=\"async\" src=\"\/wp-content\/uploads\/2022\/10\/High-absorption-capacity-1.png\"><\/td>\n<td><\/td>\n<td><\/td>\n<td><\/td>\n<td><\/td>\n<\/tr>\n<tr>\n<td>Imperme\u00e1vel<\/td>\n<td>Respir\u00e1vel<\/td>\n<td>Absor\u00e7\u00e3o de humidade<\/td>\n<td><\/td>\n<td><\/td>\n<td><\/td>\n<td><\/td>\n<\/tr>\n<\/tbody>\n<\/table><p>&nbsp;<\/p><p><strong>Caracter\u00edsticas<\/strong><\/p><ul>\n<li>Respir\u00e1vel.<\/li>\n<li>Imperme\u00e1vel.<\/li>\n<li>N\u00e3o irrita a pele.<\/li>\n<li>Elevada capacidade de absor\u00e7\u00e3o, evitando o crescimento e prolifera\u00e7\u00e3o das bact\u00e9rias<\/li>\n<\/ul><p>&nbsp;<\/p><p><a class=\"button\" href=\"https:\/\/coltique.pt\/pt\/instructions-care\/\" name=\"washing-and-care\">Ver instru\u00e7\u00f5es e cuidados<\/a><\/p><\/figure>","protected":false},"excerpt":{"rendered":"<p><strong>Caracter\u00edsticas<\/strong><ul>\n<li style=\"list-style-type: none;\">\n<ul>\n<li>Imperme\u00e1vel<\/li>\n<li>Respir\u00e1vel<\/li>\n<li>Absor\u00e7\u00e3o de humidade<\/li>\n<\/ul>\n<\/li>\n<\/ul><\/p>","protected":false},"featured_media":4925,"comment_status":"open","ping_status":"closed","template":"","meta":[],"product_cat":[230,174],"product_tag":[],"genre":[233,170,169],"yoast_head":"<!-- This site is optimized with the Yoast SEO plugin v22.3 - https:\/\/yoast.com\/wordpress\/plugins\/seo\/ -->\n<title>Pillow case in 3D knit with zipper - Coltique<\/title>\n<meta name=\"robots\" content=\"index, follow, max-snippet:-1, max-image-preview:large, max-video-preview:-1\" \/>\n<link rel=\"canonical\" href=\"https:\/\/coltique.pt\/pt\/produto\/forra-de-almofada-em-malha-3d\/\" \/>\n<meta property=\"og:locale\" content=\"pt_PT\" \/>\n<meta property=\"og:type\" content=\"article\" \/>\n<meta property=\"og:title\" content=\"Pillow case in 3D knit with zipper - Coltique\" \/>\n<meta property=\"og:description\" content=\"Characteristics      Waterproof  Breathable  Moisture absorption\" \/>\n<meta property=\"og:url\" content=\"https:\/\/coltique.pt\/pt\/produto\/forra-de-almofada-em-malha-3d\/\" \/>\n<meta property=\"og:site_name\" content=\"Coltique\" \/>\n<meta property=\"article:publisher\" content=\"https:\/\/facebook.com\/coltique.pt\" \/>\n<meta property=\"article:modified_time\" content=\"2024-03-26T12:29:46+00:00\" \/>\n<meta property=\"og:image\" content=\"https:\/\/coltique.pt\/wp-content\/uploads\/2023\/07\/pormenor_fecho.jpg\" \/>\n\t<meta property=\"og:image:width\" content=\"1200\" \/>\n\t<meta property=\"og:image:height\" content=\"1200\" \/>\n\t<meta property=\"og:image:type\" content=\"image\/jpeg\" \/>\n<meta name=\"twitter:card\" content=\"summary_large_image\" \/>\n<meta name=\"twitter:label1\" content=\"Tempo estimado de leitura\" \/>\n\t<meta name=\"twitter:data1\" content=\"3 minutos\" \/>\n<script type=\"application\/ld+json\" class=\"yoast-schema-graph\">{\"@context\":\"https:\/\/schema.org\",\"@graph\":[{\"@type\":\"WebPage\",\"@id\":\"https:\/\/coltique.pt\/product\/pillow-case-in-3d-knit-with-zipper\/\",\"url\":\"https:\/\/coltique.pt\/product\/pillow-case-in-3d-knit-with-zipper\/\",\"name\":\"Pillow case in 3D knit with zipper - Coltique\",\"isPartOf\":{\"@id\":\"https:\/\/coltique.pt\/#website\"},\"primaryImageOfPage\":{\"@id\":\"https:\/\/coltique.pt\/product\/pillow-case-in-3d-knit-with-zipper\/#primaryimage\"},\"image\":{\"@id\":\"https:\/\/coltique.pt\/product\/pillow-case-in-3d-knit-with-zipper\/#primaryimage\"},\"thumbnailUrl\":\"https:\/\/coltique.pt\/wp-content\/uploads\/2023\/07\/pormenor_fecho.jpg\",\"datePublished\":\"2023-07-03T14:03:19+00:00\",\"dateModified\":\"2024-03-26T12:29:46+00:00\",\"breadcrumb\":{\"@id\":\"https:\/\/coltique.pt\/product\/pillow-case-in-3d-knit-with-zipper\/#breadcrumb\"},\"inLanguage\":\"pt-PT\",\"potentialAction\":[{\"@type\":\"ReadAction\",\"target\":[\"https:\/\/coltique.pt\/product\/pillow-case-in-3d-knit-with-zipper\/\"]}]},{\"@type\":\"ImageObject\",\"inLanguage\":\"pt-PT\",\"@id\":\"https:\/\/coltique.pt\/product\/pillow-case-in-3d-knit-with-zipper\/#primaryimage\",\"url\":\"https:\/\/coltique.pt\/wp-content\/uploads\/2023\/07\/pormenor_fecho.jpg\",\"contentUrl\":\"https:\/\/coltique.pt\/wp-content\/uploads\/2023\/07\/pormenor_fecho.jpg\",\"width\":1200,\"height\":1200},{\"@type\":\"BreadcrumbList\",\"@id\":\"https:\/\/coltique.pt\/product\/pillow-case-in-3d-knit-with-zipper\/#breadcrumb\",\"itemListElement\":[{\"@type\":\"ListItem\",\"position\":1,\"name\":\"Home\",\"item\":\"https:\/\/coltique.pt\/\"},{\"@type\":\"ListItem\",\"position\":2,\"name\":\"Shop\",\"item\":\"https:\/\/coltique.pt\/shop\/\"},{\"@type\":\"ListItem\",\"position\":3,\"name\":\"Pillow case in 3D knit with zipper\"}]},{\"@type\":\"WebSite\",\"@id\":\"https:\/\/coltique.pt\/#website\",\"url\":\"https:\/\/coltique.pt\/\",\"name\":\"Coltique\",\"description\":\"Your new favorite marketplace\",\"publisher\":{\"@id\":\"https:\/\/coltique.pt\/#organization\"},\"potentialAction\":[{\"@type\":\"SearchAction\",\"target\":{\"@type\":\"EntryPoint\",\"urlTemplate\":\"https:\/\/coltique.pt\/?s={search_term_string}\"},\"query-input\":\"required name=search_term_string\"}],\"inLanguage\":\"pt-PT\"},{\"@type\":\"Organization\",\"@id\":\"https:\/\/coltique.pt\/#organization\",\"name\":\"Coltique\",\"url\":\"https:\/\/coltique.pt\/\",\"logo\":{\"@type\":\"ImageObject\",\"inLanguage\":\"pt-PT\",\"@id\":\"https:\/\/coltique.pt\/#\/schema\/logo\/image\/\",\"url\":\"https:\/\/coltique.pt\/wp-content\/uploads\/2022\/10\/Logo_RGB_Preto.png\",\"contentUrl\":\"https:\/\/coltique.pt\/wp-content\/uploads\/2022\/10\/Logo_RGB_Preto.png\",\"width\":555,\"height\":114,\"caption\":\"Coltique\"},\"image\":{\"@id\":\"https:\/\/coltique.pt\/#\/schema\/logo\/image\/\"},\"sameAs\":[\"https:\/\/facebook.com\/coltique.pt\",\"https:\/\/instagram.com\/coltique.pt\",\"https:\/\/www.tiktok.com\/@coltique.pt\"]}]}<\/script>\n<!-- \/ Yoast SEO plugin. -->","yoast_head_json":{"title":"Pillow case in 3D knit with zipper - Coltique","robots":{"index":"index","follow":"follow","max-snippet":"max-snippet:-1","max-image-preview":"max-image-preview:large","max-video-preview":"max-video-preview:-1"},"canonical":"https:\/\/coltique.pt\/pt\/produto\/forra-de-almofada-em-malha-3d\/","og_locale":"pt_PT","og_type":"article","og_title":"Pillow case in 3D knit with zipper - Coltique","og_description":"Characteristics      Waterproof  Breathable  Moisture absorption","og_url":"https:\/\/coltique.pt\/pt\/produto\/forra-de-almofada-em-malha-3d\/","og_site_name":"Coltique","article_publisher":"https:\/\/facebook.com\/coltique.pt","article_modified_time":"2024-03-26T12:29:46+00:00","og_image":[{"width":1200,"height":1200,"url":"https:\/\/coltique.pt\/wp-content\/uploads\/2023\/07\/pormenor_fecho.jpg","type":"image\/jpeg"}],"twitter_card":"summary_large_image","twitter_misc":{"Tempo estimado de leitura":"3 minutos"},"schema":{"@context":"https:\/\/schema.org","@graph":[{"@type":"WebPage","@id":"https:\/\/coltique.pt\/product\/pillow-case-in-3d-knit-with-zipper\/","url":"https:\/\/coltique.pt\/product\/pillow-case-in-3d-knit-with-zipper\/","name":"Pillow case in 3D knit with zipper - Coltique","isPartOf":{"@id":"https:\/\/coltique.pt\/#website"},"primaryImageOfPage":{"@id":"https:\/\/coltique.pt\/product\/pillow-case-in-3d-knit-with-zipper\/#primaryimage"},"image":{"@id":"https:\/\/coltique.pt\/product\/pillow-case-in-3d-knit-with-zipper\/#primaryimage"},"thumbnailUrl":"https:\/\/coltique.pt\/wp-content\/uploads\/2023\/07\/pormenor_fecho.jpg","datePublished":"2023-07-03T14:03:19+00:00","dateModified":"2024-03-26T12:29:46+00:00","breadcrumb":{"@id":"https:\/\/coltique.pt\/product\/pillow-case-in-3d-knit-with-zipper\/#breadcrumb"},"inLanguage":"pt-PT","potentialAction":[{"@type":"ReadAction","target":["https:\/\/coltique.pt\/product\/pillow-case-in-3d-knit-with-zipper\/"]}]},{"@type":"ImageObject","inLanguage":"pt-PT","@id":"https:\/\/coltique.pt\/product\/pillow-case-in-3d-knit-with-zipper\/#primaryimage","url":"https:\/\/coltique.pt\/wp-content\/uploads\/2023\/07\/pormenor_fecho.jpg","contentUrl":"https:\/\/coltique.pt\/wp-content\/uploads\/2023\/07\/pormenor_fecho.jpg","width":1200,"height":1200},{"@type":"BreadcrumbList","@id":"https:\/\/coltique.pt\/product\/pillow-case-in-3d-knit-with-zipper\/#breadcrumb","itemListElement":[{"@type":"ListItem","position":1,"name":"Home","item":"https:\/\/coltique.pt\/"},{"@type":"ListItem","position":2,"name":"Shop","item":"https:\/\/coltique.pt\/shop\/"},{"@type":"ListItem","position":3,"name":"Pillow case in 3D knit with zipper"}]},{"@type":"WebSite","@id":"https:\/\/coltique.pt\/#website","url":"https:\/\/coltique.pt\/","name":"Coltique","description":"Your new favorite marketplace","publisher":{"@id":"https:\/\/coltique.pt\/#organization"},"potentialAction":[{"@type":"SearchAction","target":{"@type":"EntryPoint","urlTemplate":"https:\/\/coltique.pt\/?s={search_term_string}"},"query-input":"required name=search_term_string"}],"inLanguage":"pt-PT"},{"@type":"Organization","@id":"https:\/\/coltique.pt\/#organization","name":"Coltique","url":"https:\/\/coltique.pt\/","logo":{"@type":"ImageObject","inLanguage":"pt-PT","@id":"https:\/\/coltique.pt\/#\/schema\/logo\/image\/","url":"https:\/\/coltique.pt\/wp-content\/uploads\/2022\/10\/Logo_RGB_Preto.png","contentUrl":"https:\/\/coltique.pt\/wp-content\/uploads\/2022\/10\/Logo_RGB_Preto.png","width":555,"height":114,"caption":"Coltique"},"image":{"@id":"https:\/\/coltique.pt\/#\/schema\/logo\/image\/"},"sameAs":["https:\/\/facebook.com\/coltique.pt","https:\/\/instagram.com\/coltique.pt","https:\/\/www.tiktok.com\/@coltique.pt"]}]}},"_links":{"self":[{"href":"https:\/\/coltique.pt\/pt\/wp-json\/wp\/v2\/product\/4922"}],"collection":[{"href":"https:\/\/coltique.pt\/pt\/wp-json\/wp\/v2\/product"}],"about":[{"href":"https:\/\/coltique.pt\/pt\/wp-json\/wp\/v2\/types\/product"}],"replies":[{"embeddable":true,"href":"https:\/\/coltique.pt\/pt\/wp-json\/wp\/v2\/comments?post=4922"}],"wp:featuredmedia":[{"embeddable":true,"href":"https:\/\/coltique.pt\/pt\/wp-json\/wp\/v2\/media\/4925"}],"wp:attachment":[{"href":"https:\/\/coltique.pt\/pt\/wp-json\/wp\/v2\/media?parent=4922"}],"wp:term":[{"taxonomy":"product_cat","embeddable":true,"href":"https:\/\/coltique.pt\/pt\/wp-json\/wp\/v2\/product_cat?post=4922"},{"taxonomy":"product_tag","embeddable":true,"href":"https:\/\/coltique.pt\/pt\/wp-json\/wp\/v2\/product_tag?post=4922"},{"taxonomy":"product_brand","embeddable":true,"href":"https:\/\/coltique.pt\/pt\/wp-json\/wp\/v2\/genre?post=4922"}],"curies":[{"name":"wp","href":"https:\/\/api.w.org\/{rel}","templated":true}]}}