{"id":5296,"date":"2023-09-15T15:17:42","date_gmt":"2023-09-15T14:17:42","guid":{"rendered":"https:\/\/coltique.pt\/?post_type=product&#038;p=5296"},"modified":"2024-05-02T12:33:27","modified_gmt":"2024-05-02T11:33:27","slug":"blue-pillow-case-in-tencel-jersey-knit-with-flap","status":"publish","type":"product","link":"https:\/\/coltique.pt\/pt\/produto\/forra-de-almofada-em-malha-jersey-tencel-azul-com-pala\/","title":{"rendered":"<p>Forra de almofada em malha TENCEL\u2122 azul com pala<\/p>"},"content":{"rendered":"<figure class=\"mt-md-1 mb-6 p-relative ml-md-4 pl-md-2 w-md-50 float-md-right\" style=\"z-index: 1;\">\n<p class=\"mb-0\"><img fetchpriority=\"high\" decoding=\"async\" class=\"br-3 w-100\" src=\"\/wp-content\/uploads\/2022\/10\/003-Adulto-Thumbnail.jpg\" alt=\"Product Video\" width=\"610\" height=\"300\" data-lazy=\"\/wp-content\/uploads\/2022\/10\/003-Adulto-Thumbnail.jpg\"><\/p>\n<div class=\"overlay overlay-transparent\" style=\"opacity: 1; padding-top: 0;\">\n<div class=\"content video-popup\" style=\"margin: auto;\"><a class=\"btn btn-solid product-gallery-btn open-product-video-viewer\" style=\"display: flex; align-items: center; justify-content: center; padding: 0; font-size: 22px; width: 60px; height: 60px; border-radius: 50%; box-shadow: 0 5px 10px rgba(0,0,0,.2);\"><br>\n<i class=\"fa-play fas\"><\/i><br>\n<\/a><\/div>\n<\/div>\n<p>Os protetores de almofada ajudam a manter a frescura e a sensa\u00e7\u00e3o de limpeza enquanto dorme. Podem ser facilmente retirados e lavados na m\u00e1quina, evitando o desgaste natural da tua almofada. Atuam na preven\u00e7\u00e3o de doen\u00e7as e s\u00e3o um forte aliado para a tua pele.<\/p><p>Protetor de Almofada Imperme\u00e1vel e Respir\u00e1vel em Malha Jersey TENCEL\u2122 , dispon\u00edvel nos modelos com aba ou com fecho.<\/p><p>O nosso protetor de almofada \u00e9 hipoalerg\u00e9nico antimicrobiano e com uma elevada capacidade de absor\u00e7\u00e3o. A fibra TENCEL\u2122 \u00e9 uma fibra natural, proveniente da madeira e atua de forma preventiva na prolifera\u00e7\u00e3o de bat\u00e9rias e \u00e1caros (principais causas de asma, rinite, entre outras). As suas propriedades termoreguladoras, fazem desta forra um regulador de temperatura natural, promovendo uma sensa\u00e7\u00e3o fresca  no ver\u00e3o e quente no inverno. Para al\u00e9m disso, posssui um toque extremamente macio e delicado, adequado a peles mais sens\u00edveis.<\/p><p>A combina\u00e7\u00e3o com uma uma membrana em 100% Poliuretano, garante a sua impermeabilidade, respirabilidade e n\u00e3o provoca ru\u00eddos inc\u00f3modos com o movimento, proporcionando um sono descansado e reparador. Vais sentir uma agrad\u00e1vel sensa\u00e7\u00e3o de prazer e bem estar.<br>\nO conforto natural num produto confort\u00e1vel, suave e amigo do ambiente.<\/p><p>&nbsp;<\/p><table class=\"tabela-caracteristicas\" style=\"width: 100%;\">\n<tbody>\n<tr>\n<td><img decoding=\"async\" src=\"\/wp-content\/uploads\/2022\/11\/2c-Waterproof.png\"><\/td>\n<td><img decoding=\"async\" src=\"\/wp-content\/uploads\/2022\/11\/2c-Breathable.png\"><\/td>\n<td><img decoding=\"async\" src=\"\/wp-content\/uploads\/2022\/10\/Natural-Fiber-1.png\"><\/td>\n<td><img decoding=\"async\" src=\"\/wp-content\/uploads\/2022\/11\/2c-Softness.png\"><\/td>\n<td><img decoding=\"async\" src=\"\/wp-content\/uploads\/2022\/10\/High-durability-1.png\"><\/td>\n<td><img decoding=\"async\" src=\"\/wp-content\/uploads\/2022\/10\/Hypoallergenic-1.png\"><\/td>\n<td><\/td>\n<\/tr>\n<tr>\n<td>Imperme\u00e1vel<\/td>\n<td>Respir\u00e1vel<\/td>\n<td>Ecol\u00f3gico<\/td>\n<td>Suavidade<\/td>\n<td>Resistente<\/td>\n<td>Hipoalerg\u00e9nico<\/td>\n<td><\/td>\n<\/tr>\n<\/tbody>\n<\/table><p>&nbsp;<\/p><p><b>Composi\u00e7\u00e3o<\/b><\/p><ul>\n<li>Protector composed of a top layer of 100% TENCEL? Jersey Knit, 110g\/m2&plusmn; 5%, combined with a waterproof and breathable 100% Polyurethane membrane.<\/li>\n<li>Dispon\u00edvel com abas e fecho.<\/li>\n<li>Total Weight: 140g\/m2 &plusmn; 5%<\/li>\n<li>The knits and fabircs are certified with OEKO-TEX&reg; Standard 100 Class 1.<\/li>\n<\/ul><p>&nbsp;<\/p><p><strong>TENCEL\u2122<\/strong><\/p><p>Esta forra utiliza as fibras TENCEL\u2122, uma fibra natural, proveniente da celulose da madeira, e s\u00e3o conhecidas pelo seu conforto natural e duradouro. S\u00e3o naturalmente macias para a pele, trazendo a ess\u00eancia suave da natureza para dentro de casa.<\/p><p>These fibers have unique physical properties, such as their high strength, great ability to absorb moisture, excellent breathability, softness, lightness and durability. With a silky feel and natural shine, bedding made from TENCEL? improves your baby&rsquo; sleep quality, ensuring natural comfort for the most sensitive skin. The smooth surface of the fiber absorbs moisture more efficiently, promoting the body&rsquo;s natural heat-regulating properties, providing a feeling of comfort.<\/p><p>A membrana em 100% Poli\u00e9ster, altamente respir\u00e1vel, aplicada na parte inferior do protetor, permite a respirabilidade, mas n\u00e3o a passagem de l\u00edquidos, e n\u00e3o provoca ru\u00eddos inc\u00f3modos com o movimento, promovendo assim um elevado conforto durante o sono.<\/p><p>As fibras TENCEL\u2122 s\u00e3o extra\u00eddas de madeira cultivada de forma sustent\u00e1vel utilizando um sistema exclusivo de circuito fechado que recupera e reutiliza os solventes usados, minimizando assim o impacto ambiental da produ\u00e7\u00e3o.  A nossa elevada preocupa\u00e7\u00e3o com o meio ambiente faz-nos procurar fibras amigas do ambiente que  ajudem a reduzir as emiss\u00f5es de CO2 para a atmosfera.<\/p><p>&nbsp;<\/p><p><strong>Caracter\u00edsticas<\/strong><\/p><ul>\n<li>Fibra natural e sustent\u00e1vel.<\/li>\n<li>Suave para a pele, adequado a peles sens\u00edveis.<\/li>\n<li>Hipoalerg\u00e9nico.<\/li>\n<li>Absorve mais 50% de suor que o algod\u00e3o normal.<\/li>\n<li>Elevada resist\u00eancia.<\/li>\n<li>Elevada capacidade de absor\u00e7\u00e3o, absorve e liberta a humidade para o exterior, evitando o crescimento e prolifera\u00e7\u00e3o das bact\u00e9rias.<\/li>\n<li>Imperme\u00e1vel e respir\u00e1vel, proporcionando um maior conforto enquanto dorme.<\/li>\n<\/ul><p><a class=\"button\" href=\"https:\/\/coltique.pt\/pt\/instructions-care\/\" name=\"washing-and-care\">Ver instru\u00e7\u00f5es e cuidados<\/a><\/p><\/figure>","protected":false},"excerpt":{"rendered":"<p><strong>Caracter\u00edsticas<\/strong><ul>\n<li style=\"list-style-type: none;\">\n<ul>\n<li>Imperme\u00e1vel<\/li>\n<li>Respir\u00e1vel<\/li>\n<li>Ecol\u00f3gico<\/li>\n<li>Suavidade<\/li>\n<li>Resistente<\/li>\n<li>Hipoalerg\u00e9nico<\/li>\n<\/ul>\n<\/li>\n<\/ul><\/p>","protected":false},"featured_media":7043,"comment_status":"open","ping_status":"closed","template":"","meta":[],"product_cat":[230,174],"product_tag":[],"genre":[233,170,169],"yoast_head":"<!-- This site is optimized with the Yoast SEO plugin v22.3 - https:\/\/yoast.com\/wordpress\/plugins\/seo\/ -->\n<title>Blue pillow case in Tencel\u2122 jersey knit with flap - Coltique<\/title>\n<meta name=\"robots\" content=\"index, follow, max-snippet:-1, max-image-preview:large, max-video-preview:-1\" \/>\n<link rel=\"canonical\" href=\"https:\/\/coltique.pt\/pt\/produto\/forra-de-almofada-em-malha-jersey-tencel-azul-com-pala\/\" \/>\n<meta property=\"og:locale\" content=\"pt_PT\" \/>\n<meta property=\"og:type\" content=\"article\" \/>\n<meta property=\"og:title\" content=\"Blue pillow case in Tencel\u2122 jersey knit with flap - Coltique\" \/>\n<meta property=\"og:description\" content=\"Characteristics      Waterproof  Breathable  Ecological  Softness  Resistance  Hypoallergenic\" \/>\n<meta property=\"og:url\" content=\"https:\/\/coltique.pt\/pt\/produto\/forra-de-almofada-em-malha-jersey-tencel-azul-com-pala\/\" \/>\n<meta property=\"og:site_name\" content=\"Coltique\" \/>\n<meta property=\"article:publisher\" content=\"https:\/\/facebook.com\/coltique.pt\" \/>\n<meta property=\"article:modified_time\" content=\"2024-05-02T11:33:27+00:00\" \/>\n<meta property=\"og:image\" content=\"https:\/\/coltique.pt\/wp-content\/uploads\/2023\/09\/pormenor_pala.jpg\" \/>\n\t<meta property=\"og:image:width\" content=\"1200\" \/>\n\t<meta property=\"og:image:height\" content=\"1200\" \/>\n\t<meta property=\"og:image:type\" content=\"image\/jpeg\" \/>\n<meta name=\"twitter:card\" content=\"summary_large_image\" \/>\n<meta name=\"twitter:label1\" content=\"Tempo estimado de leitura\" \/>\n\t<meta name=\"twitter:data1\" content=\"4 minutos\" \/>\n<script type=\"application\/ld+json\" class=\"yoast-schema-graph\">{\"@context\":\"https:\/\/schema.org\",\"@graph\":[{\"@type\":\"WebPage\",\"@id\":\"https:\/\/coltique.pt\/product\/blue-pillow-case-in-tencel-jersey-knit-with-flap\/\",\"url\":\"https:\/\/coltique.pt\/product\/blue-pillow-case-in-tencel-jersey-knit-with-flap\/\",\"name\":\"Blue pillow case in Tencel\u2122 jersey knit with flap - Coltique\",\"isPartOf\":{\"@id\":\"https:\/\/coltique.pt\/#website\"},\"primaryImageOfPage\":{\"@id\":\"https:\/\/coltique.pt\/product\/blue-pillow-case-in-tencel-jersey-knit-with-flap\/#primaryimage\"},\"image\":{\"@id\":\"https:\/\/coltique.pt\/product\/blue-pillow-case-in-tencel-jersey-knit-with-flap\/#primaryimage\"},\"thumbnailUrl\":\"https:\/\/coltique.pt\/wp-content\/uploads\/2023\/09\/pormenor_pala.jpg\",\"datePublished\":\"2023-09-15T14:17:42+00:00\",\"dateModified\":\"2024-05-02T11:33:27+00:00\",\"breadcrumb\":{\"@id\":\"https:\/\/coltique.pt\/product\/blue-pillow-case-in-tencel-jersey-knit-with-flap\/#breadcrumb\"},\"inLanguage\":\"pt-PT\",\"potentialAction\":[{\"@type\":\"ReadAction\",\"target\":[\"https:\/\/coltique.pt\/product\/blue-pillow-case-in-tencel-jersey-knit-with-flap\/\"]}]},{\"@type\":\"ImageObject\",\"inLanguage\":\"pt-PT\",\"@id\":\"https:\/\/coltique.pt\/product\/blue-pillow-case-in-tencel-jersey-knit-with-flap\/#primaryimage\",\"url\":\"https:\/\/coltique.pt\/wp-content\/uploads\/2023\/09\/pormenor_pala.jpg\",\"contentUrl\":\"https:\/\/coltique.pt\/wp-content\/uploads\/2023\/09\/pormenor_pala.jpg\",\"width\":1200,\"height\":1200},{\"@type\":\"BreadcrumbList\",\"@id\":\"https:\/\/coltique.pt\/product\/blue-pillow-case-in-tencel-jersey-knit-with-flap\/#breadcrumb\",\"itemListElement\":[{\"@type\":\"ListItem\",\"position\":1,\"name\":\"Home\",\"item\":\"https:\/\/coltique.pt\/\"},{\"@type\":\"ListItem\",\"position\":2,\"name\":\"Shop\",\"item\":\"https:\/\/coltique.pt\/shop\/\"},{\"@type\":\"ListItem\",\"position\":3,\"name\":\"Blue pillow case in Tencel\u2122 jersey knit with flap\"}]},{\"@type\":\"WebSite\",\"@id\":\"https:\/\/coltique.pt\/#website\",\"url\":\"https:\/\/coltique.pt\/\",\"name\":\"Coltique\",\"description\":\"Your new favorite marketplace\",\"publisher\":{\"@id\":\"https:\/\/coltique.pt\/#organization\"},\"potentialAction\":[{\"@type\":\"SearchAction\",\"target\":{\"@type\":\"EntryPoint\",\"urlTemplate\":\"https:\/\/coltique.pt\/?s={search_term_string}\"},\"query-input\":\"required name=search_term_string\"}],\"inLanguage\":\"pt-PT\"},{\"@type\":\"Organization\",\"@id\":\"https:\/\/coltique.pt\/#organization\",\"name\":\"Coltique\",\"url\":\"https:\/\/coltique.pt\/\",\"logo\":{\"@type\":\"ImageObject\",\"inLanguage\":\"pt-PT\",\"@id\":\"https:\/\/coltique.pt\/#\/schema\/logo\/image\/\",\"url\":\"https:\/\/coltique.pt\/wp-content\/uploads\/2022\/10\/Logo_RGB_Preto.png\",\"contentUrl\":\"https:\/\/coltique.pt\/wp-content\/uploads\/2022\/10\/Logo_RGB_Preto.png\",\"width\":555,\"height\":114,\"caption\":\"Coltique\"},\"image\":{\"@id\":\"https:\/\/coltique.pt\/#\/schema\/logo\/image\/\"},\"sameAs\":[\"https:\/\/facebook.com\/coltique.pt\",\"https:\/\/instagram.com\/coltique.pt\",\"https:\/\/www.tiktok.com\/@coltique.pt\"]}]}<\/script>\n<!-- \/ Yoast SEO plugin. -->","yoast_head_json":{"title":"Blue pillow case in Tencel\u2122 jersey knit with flap - Coltique","robots":{"index":"index","follow":"follow","max-snippet":"max-snippet:-1","max-image-preview":"max-image-preview:large","max-video-preview":"max-video-preview:-1"},"canonical":"https:\/\/coltique.pt\/pt\/produto\/forra-de-almofada-em-malha-jersey-tencel-azul-com-pala\/","og_locale":"pt_PT","og_type":"article","og_title":"Blue pillow case in Tencel\u2122 jersey knit with flap - Coltique","og_description":"Characteristics      Waterproof  Breathable  Ecological  Softness  Resistance  Hypoallergenic","og_url":"https:\/\/coltique.pt\/pt\/produto\/forra-de-almofada-em-malha-jersey-tencel-azul-com-pala\/","og_site_name":"Coltique","article_publisher":"https:\/\/facebook.com\/coltique.pt","article_modified_time":"2024-05-02T11:33:27+00:00","og_image":[{"width":1200,"height":1200,"url":"https:\/\/coltique.pt\/wp-content\/uploads\/2023\/09\/pormenor_pala.jpg","type":"image\/jpeg"}],"twitter_card":"summary_large_image","twitter_misc":{"Tempo estimado de leitura":"4 minutos"},"schema":{"@context":"https:\/\/schema.org","@graph":[{"@type":"WebPage","@id":"https:\/\/coltique.pt\/product\/blue-pillow-case-in-tencel-jersey-knit-with-flap\/","url":"https:\/\/coltique.pt\/product\/blue-pillow-case-in-tencel-jersey-knit-with-flap\/","name":"Blue pillow case in Tencel\u2122 jersey knit with flap - Coltique","isPartOf":{"@id":"https:\/\/coltique.pt\/#website"},"primaryImageOfPage":{"@id":"https:\/\/coltique.pt\/product\/blue-pillow-case-in-tencel-jersey-knit-with-flap\/#primaryimage"},"image":{"@id":"https:\/\/coltique.pt\/product\/blue-pillow-case-in-tencel-jersey-knit-with-flap\/#primaryimage"},"thumbnailUrl":"https:\/\/coltique.pt\/wp-content\/uploads\/2023\/09\/pormenor_pala.jpg","datePublished":"2023-09-15T14:17:42+00:00","dateModified":"2024-05-02T11:33:27+00:00","breadcrumb":{"@id":"https:\/\/coltique.pt\/product\/blue-pillow-case-in-tencel-jersey-knit-with-flap\/#breadcrumb"},"inLanguage":"pt-PT","potentialAction":[{"@type":"ReadAction","target":["https:\/\/coltique.pt\/product\/blue-pillow-case-in-tencel-jersey-knit-with-flap\/"]}]},{"@type":"ImageObject","inLanguage":"pt-PT","@id":"https:\/\/coltique.pt\/product\/blue-pillow-case-in-tencel-jersey-knit-with-flap\/#primaryimage","url":"https:\/\/coltique.pt\/wp-content\/uploads\/2023\/09\/pormenor_pala.jpg","contentUrl":"https:\/\/coltique.pt\/wp-content\/uploads\/2023\/09\/pormenor_pala.jpg","width":1200,"height":1200},{"@type":"BreadcrumbList","@id":"https:\/\/coltique.pt\/product\/blue-pillow-case-in-tencel-jersey-knit-with-flap\/#breadcrumb","itemListElement":[{"@type":"ListItem","position":1,"name":"Home","item":"https:\/\/coltique.pt\/"},{"@type":"ListItem","position":2,"name":"Shop","item":"https:\/\/coltique.pt\/shop\/"},{"@type":"ListItem","position":3,"name":"Blue pillow case in Tencel\u2122 jersey knit with flap"}]},{"@type":"WebSite","@id":"https:\/\/coltique.pt\/#website","url":"https:\/\/coltique.pt\/","name":"Coltique","description":"Your new favorite marketplace","publisher":{"@id":"https:\/\/coltique.pt\/#organization"},"potentialAction":[{"@type":"SearchAction","target":{"@type":"EntryPoint","urlTemplate":"https:\/\/coltique.pt\/?s={search_term_string}"},"query-input":"required name=search_term_string"}],"inLanguage":"pt-PT"},{"@type":"Organization","@id":"https:\/\/coltique.pt\/#organization","name":"Coltique","url":"https:\/\/coltique.pt\/","logo":{"@type":"ImageObject","inLanguage":"pt-PT","@id":"https:\/\/coltique.pt\/#\/schema\/logo\/image\/","url":"https:\/\/coltique.pt\/wp-content\/uploads\/2022\/10\/Logo_RGB_Preto.png","contentUrl":"https:\/\/coltique.pt\/wp-content\/uploads\/2022\/10\/Logo_RGB_Preto.png","width":555,"height":114,"caption":"Coltique"},"image":{"@id":"https:\/\/coltique.pt\/#\/schema\/logo\/image\/"},"sameAs":["https:\/\/facebook.com\/coltique.pt","https:\/\/instagram.com\/coltique.pt","https:\/\/www.tiktok.com\/@coltique.pt"]}]}},"_links":{"self":[{"href":"https:\/\/coltique.pt\/pt\/wp-json\/wp\/v2\/product\/5296"}],"collection":[{"href":"https:\/\/coltique.pt\/pt\/wp-json\/wp\/v2\/product"}],"about":[{"href":"https:\/\/coltique.pt\/pt\/wp-json\/wp\/v2\/types\/product"}],"replies":[{"embeddable":true,"href":"https:\/\/coltique.pt\/pt\/wp-json\/wp\/v2\/comments?post=5296"}],"wp:featuredmedia":[{"embeddable":true,"href":"https:\/\/coltique.pt\/pt\/wp-json\/wp\/v2\/media\/7043"}],"wp:attachment":[{"href":"https:\/\/coltique.pt\/pt\/wp-json\/wp\/v2\/media?parent=5296"}],"wp:term":[{"taxonomy":"product_cat","embeddable":true,"href":"https:\/\/coltique.pt\/pt\/wp-json\/wp\/v2\/product_cat?post=5296"},{"taxonomy":"product_tag","embeddable":true,"href":"https:\/\/coltique.pt\/pt\/wp-json\/wp\/v2\/product_tag?post=5296"},{"taxonomy":"product_brand","embeddable":true,"href":"https:\/\/coltique.pt\/pt\/wp-json\/wp\/v2\/genre?post=5296"}],"curies":[{"name":"wp","href":"https:\/\/api.w.org\/{rel}","templated":true}]}}